{"id":919,"date":"2021-03-25T12:27:06","date_gmt":"2021-03-25T16:27:06","guid":{"rendered":"https:\/\/gak.machinedev.ca\/ottawa\/?page_id=919"},"modified":"2023-10-17T16:41:39","modified_gmt":"2023-10-17T20:41:39","slug":"contacter","status":"publish","type":"page","link":"https:\/\/getakit.ca\/ontario\/fr\/contacter\/","title":{"rendered":"Contacter"},"content":{"rendered":"\n<h1 class=\"wp-block-heading has-text-align-center\">Besoin d\u2019aide?<\/h1>\n\n\n<div class=\"wp-block-image\">\n<figure class=\"aligncenter size-full is-resized\"><img loading=\"lazy\" decoding=\"async\" width=\"600\" height=\"300\" src=\"https:\/\/getakit.ca\/ontario\/wp-content\/uploads\/sites\/2\/2020\/11\/contents.png\" alt=\"\" class=\"wp-image-293\" style=\"width:468px;height:234px\" srcset=\"https:\/\/getakit.ca\/ontario\/wp-content\/uploads\/sites\/2\/2020\/11\/contents.png 600w, https:\/\/getakit.ca\/ontario\/wp-content\/uploads\/sites\/2\/2020\/11\/contents-300x150.png 300w\" sizes=\"auto, (max-width: 600px) 100vw, 600px\" \/><\/figure>\n<\/div>\n\n\n<hr class=\"wp-block-separator has-alpha-channel-opacity is-style-wide\"\/>\n\n\n\n<p><em>Nous ferons de notre mieux pour tenir compte de votre langue pr\u00e9f\u00e9r\u00e9e. Si cela n&rsquo;est pas possible, un membre du personnel anglophone vous contactera.<\/em><\/p>\n\n\n\n<p><\/p>\n\n\n\n<p><\/p>\n\n\n<script type=\"text\/javascript\">\n\/* <![CDATA[ *\/\nvar gform;gform||(document.addEventListener(\"gform_main_scripts_loaded\",function(){gform.scriptsLoaded=!0}),document.addEventListener(\"gform\/theme\/scripts_loaded\",function(){gform.themeScriptsLoaded=!0}),window.addEventListener(\"DOMContentLoaded\",function(){gform.domLoaded=!0}),gform={domLoaded:!1,scriptsLoaded:!1,themeScriptsLoaded:!1,isFormEditor:()=>\"function\"==typeof InitializeEditor,callIfLoaded:function(o){return!(!gform.domLoaded||!gform.scriptsLoaded||!gform.themeScriptsLoaded&&!gform.isFormEditor()||(gform.isFormEditor()&&console.warn(\"The use of gform.initializeOnLoaded() is deprecated in the form editor context and will be removed in Gravity Forms 3.1.\"),o(),0))},initializeOnLoaded:function(o){gform.callIfLoaded(o)||(document.addEventListener(\"gform_main_scripts_loaded\",()=>{gform.scriptsLoaded=!0,gform.callIfLoaded(o)}),document.addEventListener(\"gform\/theme\/scripts_loaded\",()=>{gform.themeScriptsLoaded=!0,gform.callIfLoaded(o)}),window.addEventListener(\"DOMContentLoaded\",()=>{gform.domLoaded=!0,gform.callIfLoaded(o)}))},hooks:{action:{},filter:{}},addAction:function(o,r,e,t){gform.addHook(\"action\",o,r,e,t)},addFilter:function(o,r,e,t){gform.addHook(\"filter\",o,r,e,t)},doAction:function(o){gform.doHook(\"action\",o,arguments)},applyFilters:function(o){return gform.doHook(\"filter\",o,arguments)},removeAction:function(o,r){gform.removeHook(\"action\",o,r)},removeFilter:function(o,r,e){gform.removeHook(\"filter\",o,r,e)},addHook:function(o,r,e,t,n){null==gform.hooks[o][r]&&(gform.hooks[o][r]=[]);var d=gform.hooks[o][r];null==n&&(n=r+\"_\"+d.length),gform.hooks[o][r].push({tag:n,callable:e,priority:t=null==t?10:t})},doHook:function(r,o,e){var t;if(e=Array.prototype.slice.call(e,1),null!=gform.hooks[r][o]&&((o=gform.hooks[r][o]).sort(function(o,r){return o.priority-r.priority}),o.forEach(function(o){\"function\"!=typeof(t=o.callable)&&(t=window[t]),\"action\"==r?t.apply(null,e):e[0]=t.apply(null,e)})),\"filter\"==r)return e[0]},removeHook:function(o,r,t,n){var e;null!=gform.hooks[o][r]&&(e=(e=gform.hooks[o][r]).filter(function(o,r,e){return!!(null!=n&&n!=o.tag||null!=t&&t!=o.priority)}),gform.hooks[o][r]=e)}});\n\/* ]]> *\/\n<\/script>\n\n                <div class='gf_browser_gecko gform_wrapper gravity-theme gform-theme--no-framework' data-form-theme='gravity-theme' data-form-index='0' id='gform_wrapper_3' >\n                        <div class='gform_heading'>\n                            <h2 class=\"gform_title\">Contacter<\/h2>\n                            <p class='gform_description'><\/p>\n                        <\/div><form method='post' enctype='multipart\/form-data'  id='gform_3'  action='\/ontario\/fr\/wp-json\/wp\/v2\/pages\/919' data-formid='3' novalidate>\n                        <div class='gform-body gform_body'><div id='gform_fields_3' class='gform_fields top_label form_sublabel_below description_below validation_below'><div id=\"field_3_4\" class=\"gfield gfield--type-honeypot gform_validation_container field_sublabel_below gfield--has-description field_description_below field_validation_below gfield_visibility_visible\"  ><label class='gfield_label gform-field-label' for='input_3_4'>Comments<\/label><div class='ginput_container'><input name='input_4' id='input_3_4' type='text' value='' autocomplete='new-password'\/><\/div><div class='gfield_description' id='gfield_description_3_4'>Ce champ n\u2019est utilis\u00e9 qu\u2019\u00e0 des fins de validation et devrait rester inchang\u00e9.<\/div><\/div><div id=\"field_3_1\" class=\"gfield gfield--type-text field_sublabel_below gfield--no-description field_description_below field_validation_below gfield_visibility_visible\"  ><label class='gfield_label gform-field-label' for='input_3_1'>Votre nom :<\/label><div class='ginput_container ginput_container_text'><input name='input_1' id='input_3_1' type='text' value='' class='large'      aria-invalid=\"false\"   \/><\/div><\/div><div id=\"field_3_2\" class=\"gfield gfield--type-text gfield_contains_required field_sublabel_below gfield--no-description field_description_below field_validation_below gfield_visibility_visible\"  ><label class='gfield_label gform-field-label' for='input_3_2'>Courrier \u00e9lectronique ou nombre de t\u00e9l\u00e9phone :<span class=\"gfield_required\"><span class=\"gfield_required gfield_required_text\">(N\u00e9cessaire)<\/span><\/span><\/label><div class='ginput_container ginput_container_text'><input name='input_2' id='input_3_2' type='text' value='' class='large'     aria-required=\"true\" aria-invalid=\"false\"   \/><\/div><\/div><div id=\"field_3_3\" class=\"gfield gfield--type-textarea field_sublabel_below gfield--no-description field_description_below field_validation_below gfield_visibility_visible\"  ><label class='gfield_label gform-field-label' for='input_3_3'>Que pouvons-nous faire pour vous aider?<\/label><div class='ginput_container ginput_container_textarea'><textarea name='input_3' id='input_3_3' class='textarea large'      aria-invalid=\"false\"   rows='10' cols='50'><\/textarea><\/div><\/div><\/div><\/div>\n        <div class='gform-footer gform_footer top_label'> <button class='button button--blue gform_button btn--gform-submit' id='gform_submit_button_3'>Envoi<\/button> \n            <input type='hidden' class='gform_hidden' name='gform_submission_method' data-js='gform_submission_method_3' value='postback' \/>\n            <input type='hidden' class='gform_hidden' name='gform_theme' data-js='gform_theme_3' id='gform_theme_3' value='gravity-theme' \/>\n            <input type='hidden' class='gform_hidden' name='gform_style_settings' data-js='gform_style_settings_3' id='gform_style_settings_3' value='[]' \/>\n            <input type='hidden' class='gform_hidden' name='is_submit_3' value='1' \/>\n            <input type='hidden' class='gform_hidden' name='gform_submit' value='3' \/>\n            \n            <input type='hidden' class='gform_hidden' name='gform_currency' data-currency='CAD' value='MFMnBDs6xMiiCVaWv6VGSY2+NNqV+hkLNdvd71+tV3iCrNERuyKVLOK1bTNyZxHeWow\/rLRNPdHTP8KzXsDGzFFxe4oOMYqyEJ2DgsQU3igB7rM=' \/>\n            <input type='hidden' class='gform_hidden' name='gform_unique_id' value='' \/>\n            <input type='hidden' class='gform_hidden' name='state_3' value='WyJbXSIsIjAzZjdiYThkYzY2ZTdhM2QxNDcxN2Y3MjViYTNkODBiIl0=' \/>\n            <input type='hidden' autocomplete='off' class='gform_hidden' name='gform_target_page_number_3' id='gform_target_page_number_3' value='0' \/>\n            <input type='hidden' autocomplete='off' class='gform_hidden' name='gform_source_page_number_3' id='gform_source_page_number_3' value='1' \/>\n            <input type='hidden' name='gform_field_values' value='' \/>\n            \n        <\/div>\n                        <\/form>\n                        <\/div><script type=\"text\/javascript\">\n\/* <![CDATA[ *\/\n gform.initializeOnLoaded( function() {gformInitSpinner( 3, 'https:\/\/getakit.ca\/ontario\/wp-content\/plugins\/gravityforms\/images\/spinner.svg', true );jQuery('#gform_ajax_frame_3').on('load',function(){var contents = jQuery(this).contents().find('*').html();var is_postback = contents.indexOf('GF_AJAX_POSTBACK') >= 0;if(!is_postback){return;}var form_content = jQuery(this).contents().find('#gform_wrapper_3');var is_confirmation = jQuery(this).contents().find('#gform_confirmation_wrapper_3').length > 0;var is_redirect = contents.indexOf('gformRedirect(){') >= 0;var is_form = form_content.length > 0 && ! is_redirect && ! is_confirmation;var mt = parseInt(jQuery('html').css('margin-top'), 10) + parseInt(jQuery('body').css('margin-top'), 10) + 100;if(is_form){jQuery('#gform_wrapper_3').html(form_content.html());if(form_content.hasClass('gform_validation_error')){jQuery('#gform_wrapper_3').addClass('gform_validation_error');} else {jQuery('#gform_wrapper_3').removeClass('gform_validation_error');}setTimeout( function() { \/* delay the scroll by 50 milliseconds to fix a bug in chrome *\/  }, 50 );if(window['gformInitDatepicker']) {gformInitDatepicker();}if(window['gformInitPriceFields']) {gformInitPriceFields();}var current_page = jQuery('#gform_source_page_number_3').val();gformInitSpinner( 3, 'https:\/\/getakit.ca\/ontario\/wp-content\/plugins\/gravityforms\/images\/spinner.svg', true );jQuery(document).trigger('gform_page_loaded', [3, current_page]);window['gf_submitting_3'] = false;}else if(!is_redirect){var confirmation_content = jQuery(this).contents().find('.GF_AJAX_POSTBACK').html();if(!confirmation_content){confirmation_content = contents;}jQuery('#gform_wrapper_3').replaceWith(confirmation_content);jQuery(document).trigger('gform_confirmation_loaded', [3]);window['gf_submitting_3'] = false;wp.a11y.speak(jQuery('#gform_confirmation_message_3').text());}else{jQuery('#gform_3').append(contents);if(window['gformRedirect']) {gformRedirect();}}jQuery(document).trigger(\"gform_pre_post_render\", [{ formId: \"3\", currentPage: \"current_page\", abort: function() { this.preventDefault(); } }]);        if (event && event.defaultPrevented) {                return;        }        const gformWrapperDiv = document.getElementById( \"gform_wrapper_3\" );        if ( gformWrapperDiv ) {            const visibilitySpan = document.createElement( \"span\" );            visibilitySpan.id = \"gform_visibility_test_3\";            gformWrapperDiv.insertAdjacentElement( \"afterend\", visibilitySpan );        }        const visibilityTestDiv = document.getElementById( \"gform_visibility_test_3\" );        let postRenderFired = false;        function triggerPostRender() {            if ( postRenderFired ) {                return;            }            postRenderFired = true;            gform.core.triggerPostRenderEvents( 3, current_page );            if ( visibilityTestDiv ) {                visibilityTestDiv.parentNode.removeChild( visibilityTestDiv );            }        }        function debounce( func, wait, immediate ) {            var timeout;            return function() {                var context = this, args = arguments;                var later = function() {                    timeout = null;                    if ( !immediate ) func.apply( context, args );                };                var callNow = immediate && !timeout;                clearTimeout( timeout );                timeout = setTimeout( later, wait );                if ( callNow ) func.apply( context, args );            };        }        const debouncedTriggerPostRender = debounce( function() {            triggerPostRender();        }, 200 );        if ( visibilityTestDiv && visibilityTestDiv.offsetParent === null ) {            const observer = new MutationObserver( ( mutations ) => {                mutations.forEach( ( mutation ) => {                    if ( mutation.type === 'attributes' && visibilityTestDiv.offsetParent !== null ) {                        debouncedTriggerPostRender();                        observer.disconnect();                    }                });            });            observer.observe( document.body, {                attributes: true,                childList: false,                subtree: true,                attributeFilter: [ 'style', 'class' ],            });        } else {            triggerPostRender();        }    } );} ); \n\/* ]]> *\/\n<\/script>\n\n\n\n\n<h3 class=\"wp-block-heading has-text-align-center\">Demandes des m\u00e9dias<\/h3>\n\n\n\n<p class=\"has-text-align-center\"><a href=\"mailto:GetaKit@uOttawa.ca\">GetaKit@uOttawa.ca<\/a><\/p>\n\n\n\n<h3 class=\"wp-block-heading has-text-align-center\">Renseignements sur le programme<\/h3>\n\n\n\n<p class=\"has-text-align-center\"><strong>Patrick O\u2019Byrne, RN-EC PhD<\/strong><\/p>\n\n\n\n<p class=\"has-text-align-center\"><a href=\"mailto:pjobyrne@uOttawa.ca\">pjobyrne@uOttawa.ca<\/a><\/p>\n\n\n\n<hr class=\"wp-block-separator has-css-opacity\"\/>\n\n\n\n<p class=\"has-text-align-center\"><strong>Avis de confidentialit\u00e9<\/strong><\/p>\n\n\n\n<p>Le syst\u00e8me Microsoft Outlook de l\u2019Universit\u00e9 d\u2019Ottawa est s\u00fbr mais n\u2019est pas un endroit s\u00fbr pour \u00e9changer des renseignements personnels sur la sant\u00e9. Les courriels peuvent \u00eatre vuln\u00e9rables aux atteintes \u00e0 la vie priv\u00e9e par des parties non autoris\u00e9es et risquent d\u2019\u00eatre envoy\u00e9s au mauvais destinataire. Un appel t\u00e9l\u00e9phonique est recommand\u00e9 pour discuter de renseignements personnels sur la sant\u00e9.<\/p>\n\n\n\n<p class=\"has-text-align-center\"><\/p>\n","protected":false},"excerpt":{"rendered":"<p>Besoin d\u2019aide? Nous ferons de notre mieux pour tenir compte de votre langue pr\u00e9f\u00e9r\u00e9e. Si cela n&rsquo;est pas possible, un membre du personnel anglophone vous contactera. Demandes des m\u00e9dias GetaKit@uOttawa.ca Renseignements sur le programme Patrick O\u2019Byrne, RN-EC PhD pjobyrne@uOttawa.ca Avis de confidentialit\u00e9 Le syst\u00e8me Microsoft Outlook de l\u2019Universit\u00e9 d\u2019Ottawa est s\u00fbr mais n\u2019est pas un [&hellip;]<\/p>\n","protected":false},"author":8,"featured_media":0,"parent":0,"menu_order":6,"comment_status":"closed","ping_status":"closed","template":"","meta":{"_acf_changed":false,"footnotes":""},"class_list":["post-919","page","type-page","status-publish","hentry"],"acf":[],"yoast_head":"<!-- This site is optimized with the Yoast SEO plugin v27.4 - https:\/\/yoast.com\/product\/yoast-seo-wordpress\/ -->\n<title>Contacter - GetaKit - Main<\/title>\n<meta name=\"robots\" content=\"index, follow, max-snippet:-1, max-image-preview:large, max-video-preview:-1\" \/>\n<link rel=\"canonical\" href=\"https:\/\/getakit.ca\/ontario\/fr\/contacter\/\" \/>\n<meta property=\"og:locale\" content=\"fr_FR\" \/>\n<meta property=\"og:type\" content=\"article\" \/>\n<meta property=\"og:title\" content=\"Contacter - GetaKit - Main\" \/>\n<meta property=\"og:description\" content=\"Besoin d\u2019aide? Nous ferons de notre mieux pour tenir compte de votre langue pr\u00e9f\u00e9r\u00e9e. Si cela n&rsquo;est pas possible, un membre du personnel anglophone vous contactera. Demandes des m\u00e9dias GetaKit@uOttawa.ca Renseignements sur le programme Patrick O\u2019Byrne, RN-EC PhD pjobyrne@uOttawa.ca Avis de confidentialit\u00e9 Le syst\u00e8me Microsoft Outlook de l\u2019Universit\u00e9 d\u2019Ottawa est s\u00fbr mais n\u2019est pas un [&hellip;]\" \/>\n<meta property=\"og:url\" content=\"https:\/\/getakit.ca\/ontario\/fr\/contacter\/\" \/>\n<meta property=\"og:site_name\" content=\"GetaKit - Main\" \/>\n<meta property=\"article:modified_time\" content=\"2023-10-17T20:41:39+00:00\" \/>\n<meta property=\"og:image\" content=\"https:\/\/getakit.ca\/ontario\/wp-content\/uploads\/sites\/2\/2020\/11\/contents.png\" \/>\n<meta name=\"twitter:card\" content=\"summary_large_image\" \/>\n<meta name=\"twitter:label1\" content=\"Dur\u00e9e de lecture estim\u00e9e\" \/>\n\t<meta name=\"twitter:data1\" content=\"1 minute\" \/>\n<script type=\"application\/ld+json\" class=\"yoast-schema-graph\">{\"@context\":\"https:\\\/\\\/schema.org\",\"@graph\":[{\"@type\":\"WebPage\",\"@id\":\"https:\\\/\\\/getakit.ca\\\/ontario\\\/fr\\\/contacter\\\/\",\"url\":\"https:\\\/\\\/getakit.ca\\\/ontario\\\/fr\\\/contacter\\\/\",\"name\":\"Contacter - GetaKit - Main\",\"isPartOf\":{\"@id\":\"https:\\\/\\\/getakit.ca\\\/ontario\\\/#website\"},\"primaryImageOfPage\":{\"@id\":\"https:\\\/\\\/getakit.ca\\\/ontario\\\/fr\\\/contacter\\\/#primaryimage\"},\"image\":{\"@id\":\"https:\\\/\\\/getakit.ca\\\/ontario\\\/fr\\\/contacter\\\/#primaryimage\"},\"thumbnailUrl\":\"https:\\\/\\\/getakit.ca\\\/ontario\\\/wp-content\\\/uploads\\\/sites\\\/2\\\/2020\\\/11\\\/contents.png\",\"datePublished\":\"2021-03-25T16:27:06+00:00\",\"dateModified\":\"2023-10-17T20:41:39+00:00\",\"breadcrumb\":{\"@id\":\"https:\\\/\\\/getakit.ca\\\/ontario\\\/fr\\\/contacter\\\/#breadcrumb\"},\"inLanguage\":\"fr-FR\",\"potentialAction\":[{\"@type\":\"ReadAction\",\"target\":[\"https:\\\/\\\/getakit.ca\\\/ontario\\\/fr\\\/contacter\\\/\"]}]},{\"@type\":\"ImageObject\",\"inLanguage\":\"fr-FR\",\"@id\":\"https:\\\/\\\/getakit.ca\\\/ontario\\\/fr\\\/contacter\\\/#primaryimage\",\"url\":\"https:\\\/\\\/getakit.ca\\\/ontario\\\/wp-content\\\/uploads\\\/sites\\\/2\\\/2020\\\/11\\\/contents.png\",\"contentUrl\":\"https:\\\/\\\/getakit.ca\\\/ontario\\\/wp-content\\\/uploads\\\/sites\\\/2\\\/2020\\\/11\\\/contents.png\"},{\"@type\":\"BreadcrumbList\",\"@id\":\"https:\\\/\\\/getakit.ca\\\/ontario\\\/fr\\\/contacter\\\/#breadcrumb\",\"itemListElement\":[{\"@type\":\"ListItem\",\"position\":1,\"name\":\"Home\",\"item\":\"https:\\\/\\\/getakit.ca\\\/ontario\\\/fr\\\/\"},{\"@type\":\"ListItem\",\"position\":2,\"name\":\"Contacter\"}]},{\"@type\":\"WebSite\",\"@id\":\"https:\\\/\\\/getakit.ca\\\/ontario\\\/#website\",\"url\":\"https:\\\/\\\/getakit.ca\\\/ontario\\\/\",\"name\":\"GetaKit - Main\",\"description\":\"\",\"publisher\":{\"@id\":\"https:\\\/\\\/getakit.ca\\\/ontario\\\/#organization\"},\"potentialAction\":[{\"@type\":\"SearchAction\",\"target\":{\"@type\":\"EntryPoint\",\"urlTemplate\":\"https:\\\/\\\/getakit.ca\\\/ontario\\\/?s={search_term_string}\"},\"query-input\":{\"@type\":\"PropertyValueSpecification\",\"valueRequired\":true,\"valueName\":\"search_term_string\"}}],\"inLanguage\":\"fr-FR\"},{\"@type\":\"Organization\",\"@id\":\"https:\\\/\\\/getakit.ca\\\/ontario\\\/#organization\",\"name\":\"GetaKit - Main\",\"url\":\"https:\\\/\\\/getakit.ca\\\/ontario\\\/\",\"logo\":{\"@type\":\"ImageObject\",\"inLanguage\":\"fr-FR\",\"@id\":\"https:\\\/\\\/getakit.ca\\\/ontario\\\/#\\\/schema\\\/logo\\\/image\\\/\",\"url\":\"https:\\\/\\\/getakit.ca\\\/ontario\\\/wp-content\\\/uploads\\\/sites\\\/2\\\/2023\\\/06\\\/logo-gak.svg\",\"contentUrl\":\"https:\\\/\\\/getakit.ca\\\/ontario\\\/wp-content\\\/uploads\\\/sites\\\/2\\\/2023\\\/06\\\/logo-gak.svg\",\"caption\":\"GetaKit - Main\"},\"image\":{\"@id\":\"https:\\\/\\\/getakit.ca\\\/ontario\\\/#\\\/schema\\\/logo\\\/image\\\/\"}}]}<\/script>\n<!-- \/ Yoast SEO plugin. -->","yoast_head_json":{"title":"Contacter - GetaKit - Main","robots":{"index":"index","follow":"follow","max-snippet":"max-snippet:-1","max-image-preview":"max-image-preview:large","max-video-preview":"max-video-preview:-1"},"canonical":"https:\/\/getakit.ca\/ontario\/fr\/contacter\/","og_locale":"fr_FR","og_type":"article","og_title":"Contacter - GetaKit - Main","og_description":"Besoin d\u2019aide? Nous ferons de notre mieux pour tenir compte de votre langue pr\u00e9f\u00e9r\u00e9e. Si cela n&rsquo;est pas possible, un membre du personnel anglophone vous contactera. Demandes des m\u00e9dias GetaKit@uOttawa.ca Renseignements sur le programme Patrick O\u2019Byrne, RN-EC PhD pjobyrne@uOttawa.ca Avis de confidentialit\u00e9 Le syst\u00e8me Microsoft Outlook de l\u2019Universit\u00e9 d\u2019Ottawa est s\u00fbr mais n\u2019est pas un [&hellip;]","og_url":"https:\/\/getakit.ca\/ontario\/fr\/contacter\/","og_site_name":"GetaKit - Main","article_modified_time":"2023-10-17T20:41:39+00:00","og_image":[{"url":"https:\/\/getakit.ca\/ontario\/wp-content\/uploads\/sites\/2\/2020\/11\/contents.png","type":"","width":"","height":""}],"twitter_card":"summary_large_image","twitter_misc":{"Dur\u00e9e de lecture estim\u00e9e":"1 minute"},"schema":{"@context":"https:\/\/schema.org","@graph":[{"@type":"WebPage","@id":"https:\/\/getakit.ca\/ontario\/fr\/contacter\/","url":"https:\/\/getakit.ca\/ontario\/fr\/contacter\/","name":"Contacter - GetaKit - Main","isPartOf":{"@id":"https:\/\/getakit.ca\/ontario\/#website"},"primaryImageOfPage":{"@id":"https:\/\/getakit.ca\/ontario\/fr\/contacter\/#primaryimage"},"image":{"@id":"https:\/\/getakit.ca\/ontario\/fr\/contacter\/#primaryimage"},"thumbnailUrl":"https:\/\/getakit.ca\/ontario\/wp-content\/uploads\/sites\/2\/2020\/11\/contents.png","datePublished":"2021-03-25T16:27:06+00:00","dateModified":"2023-10-17T20:41:39+00:00","breadcrumb":{"@id":"https:\/\/getakit.ca\/ontario\/fr\/contacter\/#breadcrumb"},"inLanguage":"fr-FR","potentialAction":[{"@type":"ReadAction","target":["https:\/\/getakit.ca\/ontario\/fr\/contacter\/"]}]},{"@type":"ImageObject","inLanguage":"fr-FR","@id":"https:\/\/getakit.ca\/ontario\/fr\/contacter\/#primaryimage","url":"https:\/\/getakit.ca\/ontario\/wp-content\/uploads\/sites\/2\/2020\/11\/contents.png","contentUrl":"https:\/\/getakit.ca\/ontario\/wp-content\/uploads\/sites\/2\/2020\/11\/contents.png"},{"@type":"BreadcrumbList","@id":"https:\/\/getakit.ca\/ontario\/fr\/contacter\/#breadcrumb","itemListElement":[{"@type":"ListItem","position":1,"name":"Home","item":"https:\/\/getakit.ca\/ontario\/fr\/"},{"@type":"ListItem","position":2,"name":"Contacter"}]},{"@type":"WebSite","@id":"https:\/\/getakit.ca\/ontario\/#website","url":"https:\/\/getakit.ca\/ontario\/","name":"GetaKit - Main","description":"","publisher":{"@id":"https:\/\/getakit.ca\/ontario\/#organization"},"potentialAction":[{"@type":"SearchAction","target":{"@type":"EntryPoint","urlTemplate":"https:\/\/getakit.ca\/ontario\/?s={search_term_string}"},"query-input":{"@type":"PropertyValueSpecification","valueRequired":true,"valueName":"search_term_string"}}],"inLanguage":"fr-FR"},{"@type":"Organization","@id":"https:\/\/getakit.ca\/ontario\/#organization","name":"GetaKit - Main","url":"https:\/\/getakit.ca\/ontario\/","logo":{"@type":"ImageObject","inLanguage":"fr-FR","@id":"https:\/\/getakit.ca\/ontario\/#\/schema\/logo\/image\/","url":"https:\/\/getakit.ca\/ontario\/wp-content\/uploads\/sites\/2\/2023\/06\/logo-gak.svg","contentUrl":"https:\/\/getakit.ca\/ontario\/wp-content\/uploads\/sites\/2\/2023\/06\/logo-gak.svg","caption":"GetaKit - Main"},"image":{"@id":"https:\/\/getakit.ca\/ontario\/#\/schema\/logo\/image\/"}}]}},"_links":{"self":[{"href":"https:\/\/getakit.ca\/ontario\/fr\/wp-json\/wp\/v2\/pages\/919","targetHints":{"allow":["GET"]}}],"collection":[{"href":"https:\/\/getakit.ca\/ontario\/fr\/wp-json\/wp\/v2\/pages"}],"about":[{"href":"https:\/\/getakit.ca\/ontario\/fr\/wp-json\/wp\/v2\/types\/page"}],"author":[{"embeddable":true,"href":"https:\/\/getakit.ca\/ontario\/fr\/wp-json\/wp\/v2\/users\/8"}],"replies":[{"embeddable":true,"href":"https:\/\/getakit.ca\/ontario\/fr\/wp-json\/wp\/v2\/comments?post=919"}],"version-history":[{"count":23,"href":"https:\/\/getakit.ca\/ontario\/fr\/wp-json\/wp\/v2\/pages\/919\/revisions"}],"predecessor-version":[{"id":3420,"href":"https:\/\/getakit.ca\/ontario\/fr\/wp-json\/wp\/v2\/pages\/919\/revisions\/3420"}],"wp:attachment":[{"href":"https:\/\/getakit.ca\/ontario\/fr\/wp-json\/wp\/v2\/media?parent=919"}],"curies":[{"name":"wp","href":"https:\/\/api.w.org\/{rel}","templated":true}]}}