{"id":911,"date":"2020-11-09T15:50:32","date_gmt":"2020-11-09T20:50:32","guid":{"rendered":"https:\/\/gak.machinedev.ca\/ottawa\/resources\/"},"modified":"2022-11-09T11:05:55","modified_gmt":"2022-11-09T16:05:55","slug":"ressources2","status":"publish","type":"page","link":"https:\/\/getakit.ca\/ontario\/fr\/ressources2\/","title":{"rendered":"Ressources"},"content":{"rendered":"\n<h2 class=\"has-text-align-center wp-block-heading\" id=\"nous-sommes-la-si-vous-avez-besoin-de-nous\">Nous sommes l\u00e0 si vous avez besoin de nous<\/h2>\n\n\n\n<p class=\"has-text-align-center\">Il existe de nombreuses ressources en Ontario pour r\u00e9pondre aux questions que vous pourriez vous poser.<\/p>\n\n\n\n<hr class=\"wp-block-separator has-css-opacity\"\/>\n\n\n\n<h2 class=\"has-text-align-center wp-block-heading\" id=\"depistage\">Ressource de d\u00e9pistage<\/h2>\n\n\n\n<p class=\"has-text-align-center\"><strong><strong>Gouvernement de l\u2019Ontario<\/strong><br><\/strong><a href=\"https:\/\/www.ontario.ca\/fr\/page\/depistage-et-traitement-du-vihsida\" target=\"_blank\" rel=\"noreferrer noopener\">Ontario.ca\/fr\/page\/depistage-et-traitement-du-vihsida<\/a><br>Fournit des informations sur les programmes de soutien en Ontario concernant le d\u00e9pistage et le traitement du VIH.<\/p>\n\n\n\n<p class=\"has-text-align-center\"><strong><strong>HIVtestingOntario<\/strong><br><a href=\"https:\/\/hivtestingontario.ca\/self-testing\/\" target=\"_blank\" rel=\"noreferrer noopener\"><\/a><\/strong><a href=\"https:\/\/hivtestingontario.ca\/fr\/autodepistage\/\" target=\"_blank\" rel=\"noreferrer noopener\">HIVtestingOntario.ca\/fr\/autodepistage\/<\/a><br>Fournit des recherches fond\u00e9es sur des preuves concernant l\u2019autod\u00e9pistage du VIH en Ontario et la fa\u00e7on d\u2019y acc\u00e9der.<\/p>\n\n\n\n<p class=\"has-text-align-center\"><a href=\"https:\/\/hivtestingontario.ca\/fr\/continuum-a-soins\/preventionsupport-references\/\" target=\"_blank\" rel=\"noreferrer noopener\">HIVtestingOntario.ca\/fr\/continuum-a-soins\/preventionsupport-references\/<\/a><strong><br><\/strong>Fournit des informations sur l\u2019acc\u00e8s aux services de pr\u00e9vention et de soutien en mati\u00e8re de VIH.<\/p>\n\n\n\n<hr class=\"wp-block-separator has-css-opacity\"\/>\n\n\n\n<h2 class=\"has-text-align-center wp-block-heading\" id=\"sites-de-depistage-somerset-west-chc\">Autres ressources utiles<\/h2>\n\n\n\n<p class=\"has-text-align-center\"><strong><strong>Sant\u00e9 Sexuelle Ontario<\/strong><br><a href=\"https:\/\/sexualhealthontario.ca\/fr\/accueil\"><\/a><\/strong><a href=\"https:\/\/sexualhealthontario.ca\/fr\/accueil\" target=\"_blank\" rel=\"noreferrer noopener\">SexualHealthOntario.ca\/fr\/accueil<\/a><br><a href=\"https:\/\/sexualhealthontario.ca\/fr\/clavardage\">Chat en ligne<\/a><br>1-800-668-2437<br>Fournit des informations sur la sant\u00e9 sexuelle, des IST \u00e0 la contraception et \u00e0 la fertilit\u00e9.<\/p>\n\n\n\n<p class=\"has-text-align-center\"><a href=\"https:\/\/sexualhealthontario.ca\/fr\/trouver-une-clinique\" target=\"_blank\" rel=\"noreferrer noopener\">SexualHealthOntario.ca\/fr\/trouver-une-clinique<\/a><br>Trouvez une clinique de sant\u00e9 sexuelle dans votre quartier.<\/p>\n\n\n\n<p class=\"has-text-align-center\"><strong><strong><strong>CATIE<\/strong><br><a href=\"https:\/\/www.catie.ca\/en\/fact-sheets\/testing\/hiv-self-testing\" target=\"_blank\" rel=\"noreferrer noopener\"><\/a><\/strong><\/strong><a href=\"https:\/\/www.catie.ca\/fr\/feuillets-info\/depistage\/autodepistage-vih\" target=\"_blank\" rel=\"noreferrer noopener\">Catie.ca\/fr\/feuillets-info\/depistage\/autodepistage-vih<\/a><br>Une ressource compl\u00e8te sur l\u2019autodiagnostic du VIH au Canada.<\/p>\n\n\n\n<p class=\"has-text-align-center\"><strong><strong>Ontario PrEP<\/strong><br><\/strong><a href=\"https:\/\/www.ontarioprep.ca\/\" target=\"_blank\" rel=\"noreferrer noopener\">OntarioPrep.ca<\/a><br>Fournit des informations sur la PrEP et sur les moyens d\u2019y acc\u00e9der.<\/p>\n\n\n\n<p class=\"has-text-align-center\"><strong>Ligne de crise<\/strong><br><a href=\"http:\/\/Crisisline.ca\/about-us\">Crisisline.ca\/about-us<\/a><br>Sans frais 1.866.996.0991<br>Offre un soutien t\u00e9l\u00e9phonique en sant\u00e9 mentale 24 heures sur 24, 7 jours sur 7.<\/p>\n\n\n\n<hr class=\"wp-block-separator has-css-opacity\"\/>\n\n\n\n<h2 class=\"has-text-align-center wp-block-heading\" id=\"autre-ressources\">Vous avez un kit mais pas chez nous ?<\/h2>\n\n\n\n<p>Le 3 novembre 2020, Sant\u00e9 Canada a approuv\u00e9 le tout premier autotest de d\u00e9pistage du VIH au Canada ! Ici, \u00e0 GetaKit, nous ne pourrions pas \u00eatre plus enthousiastes. Nous croyons que l\u2019autodiagnostic du VIH est un outil important que les gens peuvent utiliser pour conna\u00eetre leur statut.<\/p>\n\n\n\n<p>Avoir un auto-test VIH approuv\u00e9 signifie que vous pouvez acheter ces tests directement aupr\u00e8s du fabricant ou m\u00eame dans certaines pharmacies. Il est possible que d\u2019autres proposent \u00e9galement l\u2019autotest du VIH par le biais de leur propre programme.<\/p>\n\n\n\n<p>Que vous ayez re\u00e7u un kit de notre part ou non, l\u2019\u00e9quipe GetaKit est l\u00e0 pour r\u00e9pondre \u00e0 toutes les questions que vous pourriez avoir sur les prochaines \u00e9tapes \u00e0 l\u2019adresse suivante&nbsp;<a href=\"mailto:GetaKit@uOttawa.ca\">GetaKit@uOttawa.ca<\/a>.<\/p>\n\n\n\n<hr class=\"wp-block-separator has-css-opacity\"\/>\n\n\n\n<h2 class=\"has-text-align-center wp-block-heading\" id=\"faqs\">FAQs<\/h2>\n\n\n\n<h4 class=\"wp-block-heading\" id=\"Sites-de-d\u00e9pistage-du-VIH-\u00e0-Ottawa\">GetaKit dit que je ne suis pas \u00e9ligible pour un test de d\u00e9pistage du VIH. Comment puis-je en obtenir un ?<\/h4>\n\n\n\n<p>Il s&rsquo;agit d&rsquo;un programme pilote et d&rsquo;une \u00e9tude de recherche, et nous n&rsquo;avons pas les ressources n\u00e9cessaires pour envoyer un test \u00e0 chaque personne en Ontario qui en veut un.<\/p>\n\n\n\n<p>Si vous pensez avoir \u00e9t\u00e9 expos\u00e9 au VIH, ou si vous avez des sympt\u00f4mes du VIH, GetaKit <em>n&rsquo;est en fait pas<\/em> la ressource dont vous avez besoin. <strong>Il est important que vous consultiez imm\u00e9diatement un professionnel de la sant\u00e9.<\/strong><\/p>\n\n\n\n<p>Il existe de nombreuses fa\u00e7ons de se faire d\u00e9pister pour le VIH et les IST en Ontario, ainsi que de nombreux services de soutien accueillants.<\/p>\n\n\n\n<h4 class=\"wp-block-heading\" id=\"j-ai-peut-etre-ete-expose-au-vih-au-cours-des-dernieres-72-heures-que-dois-je-faire\">J&rsquo;ai peut-\u00eatre \u00e9t\u00e9 expos\u00e9 au VIH au cours des derni\u00e8res 72 heures. Que dois-je faire ?<\/h4>\n\n\n\n<p>Vous pourriez avoir besoin d&rsquo;une PPE, ou prophylaxie post-exposition, une courte s\u00e9rie de m\u00e9dicaments qui peuvent emp\u00eacher le VIH de s&rsquo;installer dans votre corps s&rsquo;ils sont pris dans les 72 heures suivant l&rsquo;exposition. Rendez-vous aux <strong>urgences de l&rsquo;h\u00f4pital le plus proche<\/strong> et on vous le prescrira.<\/p>\n\n\n\n<h4 class=\"wp-block-heading\" id=\"j-ai-besoin-d-une-ppe-d-arv-ou-d-un-test-vih-mais-je-ne-me-sens-pas-a-l-aise-pour-aller-a-l-hopital\">J&rsquo;ai besoin d&rsquo;une PPE, d&rsquo;ARV ou d&rsquo;un test VIH, mais je ne me sens pas \u00e0 l&rsquo;aise pour aller \u00e0 l&rsquo;h\u00f4pital.<\/h4>\n\n\n\n<p>L&rsquo;Ontario dispose de nombreuses cliniques accueillantes et inclusives o\u00f9 vous pouvez vous faire d\u00e9pister. <a href=\"#resources\">Allez i\u00e7i pour trouver des ressources de d\u00e9pistage pr\u00e8s de chez vous<\/a>, cherchez sur Google \u00ab\u00a0d\u00e9pistage du VIH et les IST [votre r\u00e9gion]\u00a0\u00bb ou essayez le site <a href=\"https:\/\/www.hiv411.ca\">HIV411.ca<\/a>.&nbsp;<\/p>\n\n\n\n<h4 class=\"wp-block-heading\" id=\"je-crois-que-j-ai-des-symptomes-du-vih\">Je crois que j&rsquo;ai des sympt\u00f4mes du VIH.<\/h4>\n\n\n\n<p>Vos options sont similaires :<\/p>\n\n\n\n<ul class=\"wp-block-list\">\n<li>Allez aux urgences les plus proches.<\/li>\n\n\n\n<li>Contactez l&rsquo;une des cliniques \u00e9num\u00e9r\u00e9es ici.<\/li>\n\n\n\n<li>Cherchez sur Google \u00ab\u00a0d\u00e9pistage du VIH et les IST [votre r\u00e9gion]\u00a0\u00bb<\/li>\n\n\n\n<li>Prenez rendez-vous avec votre m\u00e9decin.<\/li>\n<\/ul>\n\n\n\n<h4 class=\"wp-block-heading\" id=\"j-ai-un-autre-probleme-lie-aux-tests-que-je-ne-vois-pas-aborde-ici\">J&rsquo;ai un autre probl\u00e8me li\u00e9 aux tests que je ne vois pas abord\u00e9 ici.<\/h4>\n\n\n\n<p>Faites-nous savoir \u00e0 <a href=\"mailto:getakit@ottawa.ca\"><\/a><a href=\"mailto:GetaKit@uOttawa.ca\">GetaKit@uOttawa.ca<\/a> ou essayez d\u2019utiliser <a href=\"https:\/\/oualler.catie.ca\/\">HIV411.ca<\/a> pour trouver des ressources pr\u00e8s de chez vous ou Google \u00ab\u00a0d\u00e9pistage du VIH [votre r\u00e9gion]\u00a0\u00bb.<\/p>\n\n\n\n<hr class=\"wp-block-separator has-css-opacity\"\/>\n\n\n\n<p class=\"has-text-align-left\">Pour des liens vers d&rsquo;autres sites Web li\u00e9s au VIH\/sida, veuillez consulter la liste ci-dessous. GetaKit n&rsquo;est pas responsable du contenu des sites externes \u00e9num\u00e9r\u00e9s sur cette page.<\/p>\n\n\n\n<div class=\"wp-block-buttons is-horizontal is-content-justification-center is-layout-flex wp-container-core-buttons-is-layout-499968f5 wp-block-buttons-is-layout-flex\">\n<div class=\"wp-block-button\"><a class=\"wp-block-button__link wp-element-button\" href=\"https:\/\/www.catie.ca\/fr\/essentiel\/vih-et-sida\">VIH<\/a><\/div>\n<\/div>\n\n\n\n<div class=\"wp-block-buttons is-horizontal is-content-justification-center is-layout-flex wp-container-core-buttons-is-layout-499968f5 wp-block-buttons-is-layout-flex\">\n<div class=\"wp-block-button\"><a class=\"wp-block-button__link wp-element-button\" href=\"https:\/\/www.catie.ca\/fr\/guides-pratiques\/guide-vie-sexuelle-plus-securitaire\">ITS<\/a><\/div>\n<\/div>\n\n\n\n<div class=\"wp-block-buttons is-horizontal is-content-justification-center is-layout-flex wp-container-core-buttons-is-layout-499968f5 wp-block-buttons-is-layout-flex\">\n<div class=\"wp-block-button\"><a class=\"wp-block-button__link wp-element-button\" href=\"http:\/\/ontarioprep.ca\/wp-content\/uploads\/2019\/06\/PrEP-PEP-pocket-guide-web.pdf\">PrEP<\/a><\/div>\n<\/div>\n\n\n\n<div class=\"wp-block-buttons is-horizontal is-content-justification-center is-layout-flex wp-container-core-buttons-is-layout-499968f5 wp-block-buttons-is-layout-flex\">\n<div class=\"wp-block-button\"><a class=\"wp-block-button__link wp-element-button\" href=\"https:\/\/www.catie.ca\/fr\/le-pouvoir-de-lindetectable-ce-quil-faut-savoir-sur-le-traitement-du-vih-comme-prevention\/dans-les-rapports\">I=I<\/a><\/div>\n<\/div>\n\n\n\n<div class=\"wp-block-buttons is-horizontal is-content-justification-center is-layout-flex wp-container-core-buttons-is-layout-499968f5 wp-block-buttons-is-layout-flex\">\n<div class=\"wp-block-button\"><a class=\"wp-block-button__link wp-element-button\" href=\"https:\/\/www.catie.ca\/fr\/feuillets-info\/prevention\/prophylaxie-post-exposition-ppe\">PPE<\/a><\/div>\n<\/div>\n\n\n\n<div class=\"wp-block-buttons is-horizontal is-content-justification-center is-layout-flex wp-container-core-buttons-is-layout-499968f5 wp-block-buttons-is-layout-flex\">\n<div class=\"wp-block-button\"><a class=\"wp-block-button__link wp-element-button\" href=\"https:\/\/www.catie.ca\/fr\/vih\/ressources-covid-19\">COVID19<\/a><\/div>\n<\/div>\n\n\n\n<div class=\"wp-block-buttons is-horizontal is-content-justification-center is-layout-flex wp-container-core-buttons-is-layout-499968f5 wp-block-buttons-is-layout-flex\">\n<div class=\"wp-block-button\"><a class=\"wp-block-button__link wp-element-button\" href=\"https:\/\/www.catie.ca\/fr\/pdm\/printemps-2019\/party-and-play-canada-quel-son-impact-sante-hommes-gais\">PnP<\/a><\/div>\n<\/div>\n\n\n\n<div class=\"wp-block-buttons is-content-justification-center is-layout-flex wp-container-core-buttons-is-layout-16018d1d wp-block-buttons-is-layout-flex\">\n<div class=\"wp-block-button\"><a class=\"wp-block-button__link wp-element-button\" href=\"https:\/\/www.catie.ca\/fr\/lautodepistage-du-vih\">L\u2019autod\u00e9pistage du VIH<\/a><\/div>\n<\/div>\n\n\n\n<p><\/p>\n","protected":false},"excerpt":{"rendered":"<p>Nous sommes l\u00e0 si vous avez besoin de nous Il existe de nombreuses ressources en Ontario pour r\u00e9pondre aux questions que vous pourriez vous poser. Ressource de d\u00e9pistage Gouvernement de l\u2019OntarioOntario.ca\/fr\/page\/depistage-et-traitement-du-vihsidaFournit des informations sur les programmes de soutien en Ontario concernant le d\u00e9pistage et le traitement du VIH. HIVtestingOntarioHIVtestingOntario.ca\/fr\/autodepistage\/Fournit des recherches fond\u00e9es sur des preuves [&hellip;]<\/p>\n","protected":false},"author":8,"featured_media":0,"parent":0,"menu_order":14,"comment_status":"closed","ping_status":"closed","template":"","meta":{"_acf_changed":false,"footnotes":""},"class_list":["post-911","page","type-page","status-publish","hentry"],"acf":[],"yoast_head":"<!-- This site is optimized with the Yoast SEO plugin v27.4 - https:\/\/yoast.com\/product\/yoast-seo-wordpress\/ -->\n<title>Ressources - GetaKit - Main<\/title>\n<meta name=\"robots\" content=\"index, follow, max-snippet:-1, max-image-preview:large, max-video-preview:-1\" \/>\n<link rel=\"canonical\" href=\"https:\/\/getakit.ca\/ontario\/fr\/ressources2\/\" \/>\n<meta property=\"og:locale\" content=\"fr_FR\" \/>\n<meta property=\"og:type\" content=\"article\" \/>\n<meta property=\"og:title\" content=\"Ressources - GetaKit - Main\" \/>\n<meta property=\"og:description\" content=\"Nous sommes l\u00e0 si vous avez besoin de nous Il existe de nombreuses ressources en Ontario pour r\u00e9pondre aux questions que vous pourriez vous poser. Ressource de d\u00e9pistage Gouvernement de l\u2019OntarioOntario.ca\/fr\/page\/depistage-et-traitement-du-vihsidaFournit des informations sur les programmes de soutien en Ontario concernant le d\u00e9pistage et le traitement du VIH. HIVtestingOntarioHIVtestingOntario.ca\/fr\/autodepistage\/Fournit des recherches fond\u00e9es sur des preuves [&hellip;]\" \/>\n<meta property=\"og:url\" content=\"https:\/\/getakit.ca\/ontario\/fr\/ressources2\/\" \/>\n<meta property=\"og:site_name\" content=\"GetaKit - Main\" \/>\n<meta property=\"article:modified_time\" content=\"2022-11-09T16:05:55+00:00\" \/>\n<meta name=\"twitter:card\" content=\"summary_large_image\" \/>\n<meta name=\"twitter:label1\" content=\"Dur\u00e9e de lecture estim\u00e9e\" \/>\n\t<meta name=\"twitter:data1\" content=\"3 minutes\" \/>\n<script type=\"application\/ld+json\" class=\"yoast-schema-graph\">{\"@context\":\"https:\\\/\\\/schema.org\",\"@graph\":[{\"@type\":\"WebPage\",\"@id\":\"https:\\\/\\\/getakit.ca\\\/ontario\\\/fr\\\/ressources2\\\/\",\"url\":\"https:\\\/\\\/getakit.ca\\\/ontario\\\/fr\\\/ressources2\\\/\",\"name\":\"Ressources - GetaKit - Main\",\"isPartOf\":{\"@id\":\"https:\\\/\\\/getakit.ca\\\/ontario\\\/#website\"},\"datePublished\":\"2020-11-09T20:50:32+00:00\",\"dateModified\":\"2022-11-09T16:05:55+00:00\",\"breadcrumb\":{\"@id\":\"https:\\\/\\\/getakit.ca\\\/ontario\\\/fr\\\/ressources2\\\/#breadcrumb\"},\"inLanguage\":\"fr-FR\",\"potentialAction\":[{\"@type\":\"ReadAction\",\"target\":[\"https:\\\/\\\/getakit.ca\\\/ontario\\\/fr\\\/ressources2\\\/\"]}]},{\"@type\":\"BreadcrumbList\",\"@id\":\"https:\\\/\\\/getakit.ca\\\/ontario\\\/fr\\\/ressources2\\\/#breadcrumb\",\"itemListElement\":[{\"@type\":\"ListItem\",\"position\":1,\"name\":\"Home\",\"item\":\"https:\\\/\\\/getakit.ca\\\/ontario\\\/fr\\\/\"},{\"@type\":\"ListItem\",\"position\":2,\"name\":\"Ressources\"}]},{\"@type\":\"WebSite\",\"@id\":\"https:\\\/\\\/getakit.ca\\\/ontario\\\/#website\",\"url\":\"https:\\\/\\\/getakit.ca\\\/ontario\\\/\",\"name\":\"GetaKit - Main\",\"description\":\"\",\"publisher\":{\"@id\":\"https:\\\/\\\/getakit.ca\\\/ontario\\\/#organization\"},\"potentialAction\":[{\"@type\":\"SearchAction\",\"target\":{\"@type\":\"EntryPoint\",\"urlTemplate\":\"https:\\\/\\\/getakit.ca\\\/ontario\\\/?s={search_term_string}\"},\"query-input\":{\"@type\":\"PropertyValueSpecification\",\"valueRequired\":true,\"valueName\":\"search_term_string\"}}],\"inLanguage\":\"fr-FR\"},{\"@type\":\"Organization\",\"@id\":\"https:\\\/\\\/getakit.ca\\\/ontario\\\/#organization\",\"name\":\"GetaKit - Main\",\"url\":\"https:\\\/\\\/getakit.ca\\\/ontario\\\/\",\"logo\":{\"@type\":\"ImageObject\",\"inLanguage\":\"fr-FR\",\"@id\":\"https:\\\/\\\/getakit.ca\\\/ontario\\\/#\\\/schema\\\/logo\\\/image\\\/\",\"url\":\"https:\\\/\\\/getakit.ca\\\/ontario\\\/wp-content\\\/uploads\\\/sites\\\/2\\\/2023\\\/06\\\/logo-gak.svg\",\"contentUrl\":\"https:\\\/\\\/getakit.ca\\\/ontario\\\/wp-content\\\/uploads\\\/sites\\\/2\\\/2023\\\/06\\\/logo-gak.svg\",\"caption\":\"GetaKit - Main\"},\"image\":{\"@id\":\"https:\\\/\\\/getakit.ca\\\/ontario\\\/#\\\/schema\\\/logo\\\/image\\\/\"}}]}<\/script>\n<!-- \/ Yoast SEO plugin. -->","yoast_head_json":{"title":"Ressources - GetaKit - Main","robots":{"index":"index","follow":"follow","max-snippet":"max-snippet:-1","max-image-preview":"max-image-preview:large","max-video-preview":"max-video-preview:-1"},"canonical":"https:\/\/getakit.ca\/ontario\/fr\/ressources2\/","og_locale":"fr_FR","og_type":"article","og_title":"Ressources - GetaKit - Main","og_description":"Nous sommes l\u00e0 si vous avez besoin de nous Il existe de nombreuses ressources en Ontario pour r\u00e9pondre aux questions que vous pourriez vous poser. Ressource de d\u00e9pistage Gouvernement de l\u2019OntarioOntario.ca\/fr\/page\/depistage-et-traitement-du-vihsidaFournit des informations sur les programmes de soutien en Ontario concernant le d\u00e9pistage et le traitement du VIH. HIVtestingOntarioHIVtestingOntario.ca\/fr\/autodepistage\/Fournit des recherches fond\u00e9es sur des preuves [&hellip;]","og_url":"https:\/\/getakit.ca\/ontario\/fr\/ressources2\/","og_site_name":"GetaKit - Main","article_modified_time":"2022-11-09T16:05:55+00:00","twitter_card":"summary_large_image","twitter_misc":{"Dur\u00e9e de lecture estim\u00e9e":"3 minutes"},"schema":{"@context":"https:\/\/schema.org","@graph":[{"@type":"WebPage","@id":"https:\/\/getakit.ca\/ontario\/fr\/ressources2\/","url":"https:\/\/getakit.ca\/ontario\/fr\/ressources2\/","name":"Ressources - GetaKit - Main","isPartOf":{"@id":"https:\/\/getakit.ca\/ontario\/#website"},"datePublished":"2020-11-09T20:50:32+00:00","dateModified":"2022-11-09T16:05:55+00:00","breadcrumb":{"@id":"https:\/\/getakit.ca\/ontario\/fr\/ressources2\/#breadcrumb"},"inLanguage":"fr-FR","potentialAction":[{"@type":"ReadAction","target":["https:\/\/getakit.ca\/ontario\/fr\/ressources2\/"]}]},{"@type":"BreadcrumbList","@id":"https:\/\/getakit.ca\/ontario\/fr\/ressources2\/#breadcrumb","itemListElement":[{"@type":"ListItem","position":1,"name":"Home","item":"https:\/\/getakit.ca\/ontario\/fr\/"},{"@type":"ListItem","position":2,"name":"Ressources"}]},{"@type":"WebSite","@id":"https:\/\/getakit.ca\/ontario\/#website","url":"https:\/\/getakit.ca\/ontario\/","name":"GetaKit - Main","description":"","publisher":{"@id":"https:\/\/getakit.ca\/ontario\/#organization"},"potentialAction":[{"@type":"SearchAction","target":{"@type":"EntryPoint","urlTemplate":"https:\/\/getakit.ca\/ontario\/?s={search_term_string}"},"query-input":{"@type":"PropertyValueSpecification","valueRequired":true,"valueName":"search_term_string"}}],"inLanguage":"fr-FR"},{"@type":"Organization","@id":"https:\/\/getakit.ca\/ontario\/#organization","name":"GetaKit - Main","url":"https:\/\/getakit.ca\/ontario\/","logo":{"@type":"ImageObject","inLanguage":"fr-FR","@id":"https:\/\/getakit.ca\/ontario\/#\/schema\/logo\/image\/","url":"https:\/\/getakit.ca\/ontario\/wp-content\/uploads\/sites\/2\/2023\/06\/logo-gak.svg","contentUrl":"https:\/\/getakit.ca\/ontario\/wp-content\/uploads\/sites\/2\/2023\/06\/logo-gak.svg","caption":"GetaKit - Main"},"image":{"@id":"https:\/\/getakit.ca\/ontario\/#\/schema\/logo\/image\/"}}]}},"_links":{"self":[{"href":"https:\/\/getakit.ca\/ontario\/fr\/wp-json\/wp\/v2\/pages\/911","targetHints":{"allow":["GET"]}}],"collection":[{"href":"https:\/\/getakit.ca\/ontario\/fr\/wp-json\/wp\/v2\/pages"}],"about":[{"href":"https:\/\/getakit.ca\/ontario\/fr\/wp-json\/wp\/v2\/types\/page"}],"author":[{"embeddable":true,"href":"https:\/\/getakit.ca\/ontario\/fr\/wp-json\/wp\/v2\/users\/8"}],"replies":[{"embeddable":true,"href":"https:\/\/getakit.ca\/ontario\/fr\/wp-json\/wp\/v2\/comments?post=911"}],"version-history":[{"count":55,"href":"https:\/\/getakit.ca\/ontario\/fr\/wp-json\/wp\/v2\/pages\/911\/revisions"}],"predecessor-version":[{"id":2534,"href":"https:\/\/getakit.ca\/ontario\/fr\/wp-json\/wp\/v2\/pages\/911\/revisions\/2534"}],"wp:attachment":[{"href":"https:\/\/getakit.ca\/ontario\/fr\/wp-json\/wp\/v2\/media?parent=911"}],"curies":[{"name":"wp","href":"https:\/\/api.w.org\/{rel}","templated":true}]}}