{"id":2723,"date":"2023-01-10T14:09:23","date_gmt":"2023-01-10T19:09:23","guid":{"rendered":"https:\/\/getakit.ca\/ontario\/thank-you-for-submitting-your-result\/"},"modified":"2023-02-02T11:31:18","modified_gmt":"2023-02-02T16:31:18","slug":"thank-you-for-submitting-your-result","status":"publish","type":"page","link":"https:\/\/getakit.ca\/ontario\/fr\/thank-you-for-submitting-your-result\/","title":{"rendered":"Merci d&rsquo;avoir partag\u00e9 votre r\u00e9sultat"},"content":{"rendered":"\n<h1 class=\"wp-block-heading\">Merci d&rsquo;avoir partag\u00e9 votre r\u00e9sultat<\/h1>\n\n\n\n<p>Positive<\/p>\n\n\n\n<p>Un membre de l&rsquo;\u00e9quipe GetaKit vous contactera le jour suivant (du lundi au vendredi). Pour des services d&rsquo;assistance imm\u00e9diate, visitez la page \u00ab\u00a0Ressources\u00a0\u00bb de ce site Web.<\/p>\n\n\n\n<p>Si vous habitez \u00e0 Ottawa ou dans les environs, vous pouvez \u00e9galement contacter la clinique de sant\u00e9 sexuelle au 613.234.4641. Si vous habitez \u00e0 Toronto, vous pouvez \u00e9galement contacter la clinique Hassle Free au 416-922-0566.<\/p>\n\n\n\n<p>Pour plus d&rsquo;informations et de ressources li\u00e9es au VIH, veuillez consulter le site <a href=\"http:\/\/GetaKit.ca\/ressources\">GetaKit.ca\/ressources<\/a>. Si vous avez besoin d&rsquo;un soutien imm\u00e9diat, vous pouvez communiquer avec le Centre de d\u00e9tresse (Ottawa : 613.238.3311, Toronto : 416-408-4357), la Ligne de crise (Ottawa : 613.722.6914, \u00e0 l&rsquo;ext\u00e9rieur d&rsquo;Ottawa : 1.866.996.0991) ou composer le 911. Pour les besoins urgents, vous pouvez \u00e9galement vous rendre au service d&rsquo;urgence local le plus proche.<\/p>\n\n\n\n<p>Pour la prochaine \u00e9tape, veuillez t\u00e9l\u00e9charger les instructions pour le test de confirmation du VIH : <a href=\"https:\/\/getakit.ca\/wp-content\/uploads\/2021\/05\/Confirmatory-Testing-Fact-Sheet-English-1.pdf\">Test de confirmation.<\/a><\/p>\n\n\n\n<p>Negative<\/p>\n\n\n\n<p>Pour rester s\u00e9ron\u00e9gatif, n&rsquo;oubliez pas qu&rsquo;il existe un certain nombre de services de pr\u00e9vention du VIH, notamment des pr\u00e9servatifs gratuits, des \u00e9quipements de r\u00e9duction des risques, la prophylaxie post-exposition (PEP) et la prophylaxie pr\u00e9-exposition (PrEP).<\/p>\n\n\n\n<p>Pour plus d&rsquo;informations sur les services de pr\u00e9vention du VIH, veuillez consulter la page Ressources.<\/p>\n\n\n\n<p>Si vous avez eu un contact pr\u00e9occupant au cours des trois derniers mois, n&rsquo;oubliez pas de refaire le test une fois que vous aurez quitt\u00e9 la p\u00e9riode de latence.<\/p>\n\n\n\n<p>Invalid<\/p>\n\n\n\n<p>Comme vous avez signal\u00e9 un test non valide, le r\u00e9sultat du VIH ne peut \u00eatre confirm\u00e9. Pour \u00eatre s\u00fbr de votre statut VIH, vous devez vous connecter sur <a href=\"http:\/\/GetaKit.ca\/fr\">GetaKit.ca\/fr<\/a> et commander un nouveau test.<\/p>\n\n\n\n<p>N&rsquo;oubliez pas que pour que le test fonctionne, vous devez pr\u00e9lever une grosse goutte de sang sur votre doigt et la laisser tomber dans le flacon &#8211; ne grattez pas !<\/p>\n\n\n\n<p>Veuillez cliquer <a href=\"https:\/\/getakit.ca\/wp-content\/uploads\/2022\/06\/Tips-for-Collection_English_French_Spanish_Chinese_June-2022.pdf\">ici<\/a> pour consulter les conseils de pr\u00e9l\u00e8vement de sang. Vous pouvez \u00e9galement consulter notre page <a href=\"https:\/\/www.instagram.com\/getakit.ca\/\">Instagram<\/a> ou visionner <a href=\"https:\/\/www.youtube.com\/watch?v=1G1ia1S7uZo&amp;ab_channel=INSTIbybioLyticalLaboratories\">cette vid\u00e9o<\/a> explicative.<\/p>\n\n\n\n<p>Un membre du personnel de GetaKit peut vous contacter pour obtenir plus d&rsquo;informations sur la fa\u00e7on dont le test est devenu invalide et r\u00e9fl\u00e9chir \u00e0 des strat\u00e9gies pour \u00e9viter que cela ne se produise pour le prochain test. Pour nous aider, nous vous serions reconnaissants de conserver le num\u00e9ro de lot du fabricant. Ce num\u00e9ro se trouve au dos du plastique contenant la membrane.<\/p>\n\n\n\n<p><a href=\"mailto:GetaKit@uOttawa.ca\">GetaKit@uOttawa.ca<\/a><\/p>\n\n\n\n<p>Pr\u00e9f\u00e9rer ne pas divulguer<\/p>\n\n\n\n<p>Vous n&rsquo;\u00eates pas oblig\u00e9 de communiquer vos r\u00e9sultats, mais sachez que si votre r\u00e9sultat est positif, nous sommes l\u00e0 pour vous aider.<\/p>\n\n\n\n<p>La page \u00ab\u00a0Ressources\u00a0\u00bb de notre site Web contient des informations sur le VIH, les ressources de d\u00e9pistage et les services de soutien d&rsquo;urgence. Si possible, nous vous encourageons \u00e0 effectuer un test sanguin de confirmation du VIH pour \u00eatre s\u00fbr de votre r\u00e9sultat. Veuillez <a href=\"https:\/\/getakit.ca\/wp-content\/uploads\/2021\/05\/Confirmatory-Testing-Fact-Sheet-English-1.pdf\">cliquer ici<\/a> pour acc\u00e9der \u00e0 un formulaire t\u00e9l\u00e9chargeable de demande de d\u00e9pistage du VIH \u00e0 apporter \u00e0 votre prestataire de soins primaires ou \u00e0 une clinique sans rendez-vous. Vous pouvez \u00e9galement contacter votre clinique de sant\u00e9 sexuelle locale pour obtenir des tests de suivi, des informations et du soutien.<\/p>\n\n\n\n<p>Si votre r\u00e9sultat est n\u00e9gatif, n&rsquo;oubliez pas de refaire un test de d\u00e9pistage du VIH, si n\u00e9cessaire, trois mois apr\u00e8s un contact pr\u00e9occupant.&nbsp; Vous pouvez \u00e9galement consulter notre page Ressources pour plus d&rsquo;informations sur les services de pr\u00e9vention du VIH dans votre r\u00e9gion, notamment les pr\u00e9servatifs gratuits, les \u00e9quipements de r\u00e9duction des risques, la PEP et la PrEP.<\/p>\n\n\n\n<p>Un probl\u00e8me est survenu lors de l&rsquo;ex\u00e9cution du test<\/p>\n\n\n\n<p>Comme quelque chose s&rsquo;est mal pass\u00e9 lors de la r\u00e9alisation du test, un r\u00e9sultat VIH ne peut \u00eatre confirm\u00e9. Veuillez ne pas continuer \u00e0 utiliser le test si les bouteilles ont \u00e9t\u00e9 renvers\u00e9es. Pour terminer le test et \u00eatre s\u00fbr de votre statut VIH, vous devez vous connecter \u00e0 <a href=\"http:\/\/getakit.ca\/fr\">GetaKit.ca\/fr<\/a> et commander un nouveau test.<\/p>\n\n\n\n<p>Si vous avez termin\u00e9 le test et que vous ne voyez pas le point de contr\u00f4le, cela n&rsquo;est PAS consid\u00e9r\u00e9 comme une trousse endommag\u00e9e. Cela signifie que le test n&rsquo;\u00e9tait pas valide. Veuillez consulter le graphique des r\u00e9sultats pour des exemples de r\u00e9sultats possibles et s\u00e9lectionnez le r\u00e9sultat appropri\u00e9.<\/p>\n\n\n\n<p>Si vous n&rsquo;avez pas re\u00e7u votre commande, veuillez d\u00e9s\u00e9lectionner cette option et cliquer sur le num\u00e9ro de suivi de Postes Canada joint \u00e0 cette commande pour savoir o\u00f9 se trouve votre trousse.<\/p>\n\n\n\n<p>Veuillez envoyer un courriel \u00e0 <a href=\"mailto:GetaKit@uOttawa.ca\">GetaKit@uOttawa.ca<\/a> si vous avez des questions sur le test.<\/p>\n\n\n\n<p>Le kit a \u00e9t\u00e9 endommag\u00e9 ou comporte des composants manquants<\/p>\n\n\n\n<p>Merci d&rsquo;avoir partag\u00e9 cette information. Comme vous avez signal\u00e9 un test endommag\u00e9 ou un test dont les composants sont manquants, le r\u00e9sultat du test de d\u00e9pistage du VIH ne peut \u00eatre confirm\u00e9. Pour \u00eatre s\u00fbr de votre statut VIH, vous devez vous connecter sur <a href=\"http:\/\/GetaKit.ca\/fr\">GetaKit.ca\/fr<\/a> et commander un nouveau test.<\/p>\n\n\n\n<p>Si une partie de la trousse de d\u00e9pistage est endommag\u00e9e ou s&rsquo;il manque des composants, veuillez ne pas l&rsquo;utiliser. Les dommages \u00e0 la trousse doivent \u00eatre visibles, comme une coupure dans la membrane ou des flacons renvers\u00e9s alors qu&rsquo;ils sont encore dans l&#8217;emballage. Veuillez nous contacter si vous n&rsquo;\u00eates pas s\u00fbr et si vous avez besoin d&rsquo;aide pour d\u00e9terminer votre r\u00e9sultat.<\/p>\n\n\n\n<p>Si vous avez utilis\u00e9 le test et que vous ne voyez pas le point de contr\u00f4le, cela n&rsquo;est PAS consid\u00e9r\u00e9 comme un kit endommag\u00e9. Cela signifie que le test n&rsquo;\u00e9tait pas valide. Veuillez consulter le graphique des r\u00e9sultats pour des exemples de r\u00e9sultats possibles et s\u00e9lectionnez le r\u00e9sultat appropri\u00e9.<\/p>\n\n\n\n<p>Si vous n&rsquo;avez pas re\u00e7u votre commande, veuillez d\u00e9s\u00e9lectionner cette option et cliquer sur le num\u00e9ro de suivi de Postes Canada joint \u00e0 cette commande pour savoir o\u00f9 se trouve votre trousse.<\/p>\n\n\n\n<p>Veuillez envoyer un courriel \u00e0 <a href=\"mailto:GetaKit@uOttawa.ca\">GetaKit@uOttawa.ca<\/a> si vous avez des questions concernant votre r\u00e9sultat ou la livraison.<\/p>\n\n\n\n<p>Je n&rsquo;ai pas re\u00e7u mon kit<\/p>\n\n\n\n<p>Nous sommes d\u00e9sol\u00e9s que vous n&rsquo;ayez pas re\u00e7u votre kit.<\/p>\n\n\n\n<p>Une fois la trousse exp\u00e9di\u00e9e, elle devrait arriver \u00e0 votre porte dans les 24 \u00e0 48 heures, sauf retard impr\u00e9vu. Veuillez cliquer sur le num\u00e9ro de suivi de Postes Canada joint \u00e0 cette commande pour voir l&rsquo;\u00e9tat de la livraison.<\/p>\n\n\n\n<p>Si le statut de Postes Canada indique \u00ab\u00a0Livr\u00e9\u00a0\u00bb, veuillez v\u00e9rifier si votre trousse se trouve dans votre bo\u00eete aux lettres, votre bureau de poste ou votre bureau de poste. Ensuite, v\u00e9rifiez l&rsquo;adresse sur ce compte pour vous assurer que la trousse a \u00e9t\u00e9 livr\u00e9e \u00e0 la bonne adresse. Si l&rsquo;adresse saisie est incorrecte, vous ne pourrez pas modifier l&rsquo;adresse d&rsquo;exp\u00e9dition puisque le kit a \u00e9t\u00e9 exp\u00e9di\u00e9. Dans la mesure du possible, vous devez essayer de r\u00e9cup\u00e9rer votre article \u00e0 l&rsquo;adresse utilis\u00e9e lors du paiement. Sinon, veuillez mettre \u00e0 jour votre adresse et commander une nouvelle trousse.<\/p>\n\n\n\n<p>Si le statut de Postes Canada indique \u00a0\u00bb retourn\u00e9 \u00e0 l&rsquo;exp\u00e9diteur \u00ab\u00a0, il est possible que vous n&rsquo;\u00e9tiez pas disponible au moment de la livraison. Veuillez commander une nouvelle trousse et surveiller le num\u00e9ro de suivi pour vous assurer que vous \u00eates pr\u00e9sent \u00e0 l&rsquo;adresse de livraison.<\/p>\n\n\n\n<p>Veuillez envoyer un courriel \u00e0 <a href=\"mailto:GetaKit@uOttawa.ca\">GetaKit@uOttawa.ca<\/a> si vous finissez par recevoir votre trousse ou si vous avez besoin d&rsquo;aide.<\/p>\n","protected":false},"excerpt":{"rendered":"<p>Merci d&rsquo;avoir partag\u00e9 votre r\u00e9sultat Positive Un membre de l&rsquo;\u00e9quipe GetaKit vous contactera le jour suivant (du lundi au vendredi). Pour des services d&rsquo;assistance imm\u00e9diate, visitez la page \u00ab\u00a0Ressources\u00a0\u00bb de ce site Web. Si vous habitez \u00e0 Ottawa ou dans les environs, vous pouvez \u00e9galement contacter la clinique de sant\u00e9 sexuelle au 613.234.4641. Si vous [&hellip;]<\/p>\n","protected":false},"author":10288,"featured_media":0,"parent":0,"menu_order":0,"comment_status":"closed","ping_status":"closed","template":"","meta":{"_acf_changed":false,"footnotes":""},"class_list":["post-2723","page","type-page","status-publish","hentry"],"acf":[],"yoast_head":"<!-- This site is optimized with the Yoast SEO plugin v27.3 - https:\/\/yoast.com\/product\/yoast-seo-wordpress\/ -->\n<title>Merci d&#039;avoir partag\u00e9 votre r\u00e9sultat - GetaKit - Main<\/title>\n<meta name=\"robots\" content=\"index, follow, max-snippet:-1, max-image-preview:large, max-video-preview:-1\" \/>\n<link rel=\"canonical\" href=\"https:\/\/getakit.ca\/ontario\/fr\/thank-you-for-submitting-your-result\/\" \/>\n<meta property=\"og:locale\" content=\"fr_FR\" \/>\n<meta property=\"og:type\" content=\"article\" \/>\n<meta property=\"og:title\" content=\"Merci d&#039;avoir partag\u00e9 votre r\u00e9sultat - GetaKit - Main\" \/>\n<meta property=\"og:description\" content=\"Merci d&rsquo;avoir partag\u00e9 votre r\u00e9sultat Positive Un membre de l&rsquo;\u00e9quipe GetaKit vous contactera le jour suivant (du lundi au vendredi). Pour des services d&rsquo;assistance imm\u00e9diate, visitez la page \u00ab\u00a0Ressources\u00a0\u00bb de ce site Web. Si vous habitez \u00e0 Ottawa ou dans les environs, vous pouvez \u00e9galement contacter la clinique de sant\u00e9 sexuelle au 613.234.4641. Si vous [&hellip;]\" \/>\n<meta property=\"og:url\" content=\"https:\/\/getakit.ca\/ontario\/fr\/thank-you-for-submitting-your-result\/\" \/>\n<meta property=\"og:site_name\" content=\"GetaKit - Main\" \/>\n<meta property=\"article:modified_time\" content=\"2023-02-02T16:31:18+00:00\" \/>\n<meta name=\"twitter:card\" content=\"summary_large_image\" \/>\n<meta name=\"twitter:label1\" content=\"Dur\u00e9e de lecture estim\u00e9e\" \/>\n\t<meta name=\"twitter:data1\" content=\"6 minutes\" \/>\n<script type=\"application\/ld+json\" class=\"yoast-schema-graph\">{\"@context\":\"https:\\\/\\\/schema.org\",\"@graph\":[{\"@type\":\"WebPage\",\"@id\":\"https:\\\/\\\/getakit.ca\\\/ontario\\\/fr\\\/thank-you-for-submitting-your-result\\\/\",\"url\":\"https:\\\/\\\/getakit.ca\\\/ontario\\\/fr\\\/thank-you-for-submitting-your-result\\\/\",\"name\":\"Merci d'avoir partag\u00e9 votre r\u00e9sultat - GetaKit - Main\",\"isPartOf\":{\"@id\":\"https:\\\/\\\/getakit.ca\\\/ontario\\\/#website\"},\"datePublished\":\"2023-01-10T19:09:23+00:00\",\"dateModified\":\"2023-02-02T16:31:18+00:00\",\"breadcrumb\":{\"@id\":\"https:\\\/\\\/getakit.ca\\\/ontario\\\/fr\\\/thank-you-for-submitting-your-result\\\/#breadcrumb\"},\"inLanguage\":\"fr-FR\",\"potentialAction\":[{\"@type\":\"ReadAction\",\"target\":[\"https:\\\/\\\/getakit.ca\\\/ontario\\\/fr\\\/thank-you-for-submitting-your-result\\\/\"]}]},{\"@type\":\"BreadcrumbList\",\"@id\":\"https:\\\/\\\/getakit.ca\\\/ontario\\\/fr\\\/thank-you-for-submitting-your-result\\\/#breadcrumb\",\"itemListElement\":[{\"@type\":\"ListItem\",\"position\":1,\"name\":\"Home\",\"item\":\"https:\\\/\\\/getakit.ca\\\/ontario\\\/fr\\\/\"},{\"@type\":\"ListItem\",\"position\":2,\"name\":\"Merci d&#8217;avoir partag\u00e9 votre r\u00e9sultat\"}]},{\"@type\":\"WebSite\",\"@id\":\"https:\\\/\\\/getakit.ca\\\/ontario\\\/#website\",\"url\":\"https:\\\/\\\/getakit.ca\\\/ontario\\\/\",\"name\":\"GetaKit - Main\",\"description\":\"\",\"publisher\":{\"@id\":\"https:\\\/\\\/getakit.ca\\\/ontario\\\/#organization\"},\"potentialAction\":[{\"@type\":\"SearchAction\",\"target\":{\"@type\":\"EntryPoint\",\"urlTemplate\":\"https:\\\/\\\/getakit.ca\\\/ontario\\\/?s={search_term_string}\"},\"query-input\":{\"@type\":\"PropertyValueSpecification\",\"valueRequired\":true,\"valueName\":\"search_term_string\"}}],\"inLanguage\":\"fr-FR\"},{\"@type\":\"Organization\",\"@id\":\"https:\\\/\\\/getakit.ca\\\/ontario\\\/#organization\",\"name\":\"GetaKit - Main\",\"url\":\"https:\\\/\\\/getakit.ca\\\/ontario\\\/\",\"logo\":{\"@type\":\"ImageObject\",\"inLanguage\":\"fr-FR\",\"@id\":\"https:\\\/\\\/getakit.ca\\\/ontario\\\/#\\\/schema\\\/logo\\\/image\\\/\",\"url\":\"https:\\\/\\\/getakit.ca\\\/ontario\\\/wp-content\\\/uploads\\\/sites\\\/2\\\/2023\\\/06\\\/logo-gak.svg\",\"contentUrl\":\"https:\\\/\\\/getakit.ca\\\/ontario\\\/wp-content\\\/uploads\\\/sites\\\/2\\\/2023\\\/06\\\/logo-gak.svg\",\"caption\":\"GetaKit - Main\"},\"image\":{\"@id\":\"https:\\\/\\\/getakit.ca\\\/ontario\\\/#\\\/schema\\\/logo\\\/image\\\/\"}}]}<\/script>\n<!-- \/ Yoast SEO plugin. -->","yoast_head_json":{"title":"Merci d'avoir partag\u00e9 votre r\u00e9sultat - GetaKit - Main","robots":{"index":"index","follow":"follow","max-snippet":"max-snippet:-1","max-image-preview":"max-image-preview:large","max-video-preview":"max-video-preview:-1"},"canonical":"https:\/\/getakit.ca\/ontario\/fr\/thank-you-for-submitting-your-result\/","og_locale":"fr_FR","og_type":"article","og_title":"Merci d'avoir partag\u00e9 votre r\u00e9sultat - GetaKit - Main","og_description":"Merci d&rsquo;avoir partag\u00e9 votre r\u00e9sultat Positive Un membre de l&rsquo;\u00e9quipe GetaKit vous contactera le jour suivant (du lundi au vendredi). Pour des services d&rsquo;assistance imm\u00e9diate, visitez la page \u00ab\u00a0Ressources\u00a0\u00bb de ce site Web. Si vous habitez \u00e0 Ottawa ou dans les environs, vous pouvez \u00e9galement contacter la clinique de sant\u00e9 sexuelle au 613.234.4641. Si vous [&hellip;]","og_url":"https:\/\/getakit.ca\/ontario\/fr\/thank-you-for-submitting-your-result\/","og_site_name":"GetaKit - Main","article_modified_time":"2023-02-02T16:31:18+00:00","twitter_card":"summary_large_image","twitter_misc":{"Dur\u00e9e de lecture estim\u00e9e":"6 minutes"},"schema":{"@context":"https:\/\/schema.org","@graph":[{"@type":"WebPage","@id":"https:\/\/getakit.ca\/ontario\/fr\/thank-you-for-submitting-your-result\/","url":"https:\/\/getakit.ca\/ontario\/fr\/thank-you-for-submitting-your-result\/","name":"Merci d'avoir partag\u00e9 votre r\u00e9sultat - GetaKit - Main","isPartOf":{"@id":"https:\/\/getakit.ca\/ontario\/#website"},"datePublished":"2023-01-10T19:09:23+00:00","dateModified":"2023-02-02T16:31:18+00:00","breadcrumb":{"@id":"https:\/\/getakit.ca\/ontario\/fr\/thank-you-for-submitting-your-result\/#breadcrumb"},"inLanguage":"fr-FR","potentialAction":[{"@type":"ReadAction","target":["https:\/\/getakit.ca\/ontario\/fr\/thank-you-for-submitting-your-result\/"]}]},{"@type":"BreadcrumbList","@id":"https:\/\/getakit.ca\/ontario\/fr\/thank-you-for-submitting-your-result\/#breadcrumb","itemListElement":[{"@type":"ListItem","position":1,"name":"Home","item":"https:\/\/getakit.ca\/ontario\/fr\/"},{"@type":"ListItem","position":2,"name":"Merci d&#8217;avoir partag\u00e9 votre r\u00e9sultat"}]},{"@type":"WebSite","@id":"https:\/\/getakit.ca\/ontario\/#website","url":"https:\/\/getakit.ca\/ontario\/","name":"GetaKit - Main","description":"","publisher":{"@id":"https:\/\/getakit.ca\/ontario\/#organization"},"potentialAction":[{"@type":"SearchAction","target":{"@type":"EntryPoint","urlTemplate":"https:\/\/getakit.ca\/ontario\/?s={search_term_string}"},"query-input":{"@type":"PropertyValueSpecification","valueRequired":true,"valueName":"search_term_string"}}],"inLanguage":"fr-FR"},{"@type":"Organization","@id":"https:\/\/getakit.ca\/ontario\/#organization","name":"GetaKit - Main","url":"https:\/\/getakit.ca\/ontario\/","logo":{"@type":"ImageObject","inLanguage":"fr-FR","@id":"https:\/\/getakit.ca\/ontario\/#\/schema\/logo\/image\/","url":"https:\/\/getakit.ca\/ontario\/wp-content\/uploads\/sites\/2\/2023\/06\/logo-gak.svg","contentUrl":"https:\/\/getakit.ca\/ontario\/wp-content\/uploads\/sites\/2\/2023\/06\/logo-gak.svg","caption":"GetaKit - Main"},"image":{"@id":"https:\/\/getakit.ca\/ontario\/#\/schema\/logo\/image\/"}}]}},"_links":{"self":[{"href":"https:\/\/getakit.ca\/ontario\/fr\/wp-json\/wp\/v2\/pages\/2723","targetHints":{"allow":["GET"]}}],"collection":[{"href":"https:\/\/getakit.ca\/ontario\/fr\/wp-json\/wp\/v2\/pages"}],"about":[{"href":"https:\/\/getakit.ca\/ontario\/fr\/wp-json\/wp\/v2\/types\/page"}],"author":[{"embeddable":true,"href":"https:\/\/getakit.ca\/ontario\/fr\/wp-json\/wp\/v2\/users\/10288"}],"replies":[{"embeddable":true,"href":"https:\/\/getakit.ca\/ontario\/fr\/wp-json\/wp\/v2\/comments?post=2723"}],"version-history":[{"count":2,"href":"https:\/\/getakit.ca\/ontario\/fr\/wp-json\/wp\/v2\/pages\/2723\/revisions"}],"predecessor-version":[{"id":2826,"href":"https:\/\/getakit.ca\/ontario\/fr\/wp-json\/wp\/v2\/pages\/2723\/revisions\/2826"}],"wp:attachment":[{"href":"https:\/\/getakit.ca\/ontario\/fr\/wp-json\/wp\/v2\/media?parent=2723"}],"curies":[{"name":"wp","href":"https:\/\/api.w.org\/{rel}","templated":true}]}}