{"id":1393,"date":"2022-06-09T10:50:01","date_gmt":"2022-06-09T14:50:01","guid":{"rendered":"https:\/\/getakit.ca\/ontario\/?page_id=1393"},"modified":"2023-09-27T11:40:19","modified_gmt":"2023-09-27T15:40:19","slug":"faq","status":"publish","type":"page","link":"https:\/\/getakit.ca\/ontario\/fr\/faq\/","title":{"rendered":"FAQ"},"content":{"rendered":"\n<h1 class=\"wp-block-heading has-text-align-center\">Foire aux questions<\/h1>\n\n\n\n<p>Vous avez des questions? Cette Foire aux questions offre de plus amples renseignements sur l\u2019\u00e9tude GetaKit, la commande de tests et la marche \u00e0 suivre lorsque vous obtenez votre r\u00e9sultat.<\/p>\n\n\n\n<section class=\"section section--accordion\">\n  <div class=\"grid-container\">\n    <div class=\"grid-x grid-padding-x align-middle\">\n      <div class=\"cell text-center\">\n        <h2>Cr\u00e9er et utiliser votre compte GetaKit<\/h2>\n                      <\/div>\n    <\/div>\n\t\t\t<ul class=\"accordion\" data-accordion data-allow-all-closed=\"true\">\n\t\t\t\t\t<li class=\"accordion-item\" data-accordion-item>\n\t\t\t   <a href=\"#\" class=\"accordion-title\">Ai-je besoin d\u2019un t\u00e9l\u00e9phone cellulaire pour cr\u00e9er un compte?<\/a>\n\t\t\t   <div class=\"accordion-content\" data-tab-content>\n\t\t\t\t <p>Non, mais il est important que nous puissions vous joindre pour assurer le suivi d\u2019un r\u00e9sultat ou pour vous aviser en cas de probl\u00e8me. Si vous n\u2019avez pas de t\u00e9l\u00e9phone cellulaire, vous pouvez vous inscrire \u00e0 GetaKit en utilisant une adresse courriel valide. Si vous n\u2019avez pas d\u2019adresse courriel ou de ligne t\u00e9l\u00e9phonique fixe, consultez le site Web getakit.ca pour trouver un partenaire qui offre GetaKit pr\u00e8s de chez vous, o\u00f9 vous pourrez vous inscrire en personne.<\/p>\n<p>&nbsp;<\/p>\n\t\t\t   <\/div>\n\t\t\t <\/li>\n\t\t\t\t\t\t<li class=\"accordion-item\" data-accordion-item>\n\t\t\t   <a href=\"#\" class=\"accordion-title\">Est-il possible de modifier les renseignements dans mon compte?<\/a>\n\t\t\t   <div class=\"accordion-content\" data-tab-content>\n\t\t\t\t <p>Oui, apr\u00e8s avoir cr\u00e9\u00e9 votre compte vous pourrez mettre \u00e0 jour votre adresse de livraison et modifier votre mot de passe, dans \u00ab\u00a0Param\u00e8tres du compte\u00a0\u00bb.<\/p>\n\t\t\t   <\/div>\n\t\t\t <\/li>\n\t\t\t\t\t\t<li class=\"accordion-item\" data-accordion-item>\n\t\t\t   <a href=\"#\" class=\"accordion-title\">Comment modifier mon mot de passe?<\/a>\n\t\t\t   <div class=\"accordion-content\" data-tab-content>\n\t\t\t\t <p>S\u00e9lectionnez \u00ab R\u00e9initialiser maintenant \u00bb lorsque vous vous connectez \u00e0 votre compte. Pour r\u00e9cup\u00e9rer votre mot de passe, vous aurez \u00e0 indiquer votre courriel ou votre num\u00e9ro de cellulaire, votre date de naissance (AAAA-MM-JJ) et votre nom de famille (sensible aux majuscules).<\/p>\n<p>Vous recevrez alors un code \u00e0 six chiffres. Une fois ce code valid\u00e9, vous serez redirig\u00e9-e vers la page pour r\u00e9initialiser votre mot de passe.<\/p>\n<p>&nbsp;<\/p>\n\t\t\t   <\/div>\n\t\t\t <\/li>\n\t\t\t\t\t\t<li class=\"accordion-item\" data-accordion-item>\n\t\t\t   <a href=\"#\" class=\"accordion-title\">Puis-je supprimer mon compte?<\/a>\n\t\t\t   <div class=\"accordion-content\" data-tab-content>\n\t\t\t\t <p>Vous pouvez supprimer votre compte si vous n\u2019avez pas encore command\u00e9 de trousse.<\/p>\n<p>Si vous avez un historique de commande, vous pouvez vous retirer du projet en nous envoyant une demande par courriel \u00e0 <a href=\"mailto:GetaKit@uOttawa.ca\"><u>GetaKit@uOttawa.ca<\/u><\/a>. \u00c9tant donn\u00e9 que votre compte contient des renseignements personnels sur la sant\u00e9, il est soumis aux m\u00eames exigences que tout autre dossier de sant\u00e9. En fait, nous allons d\u00e9sactiver votre compte et vos renseignements ne seront inclus dans aucun rapport ni aucune publication apr\u00e8s la date de votre retrait.<\/p>\n\t\t\t   <\/div>\n\t\t\t <\/li>\n\t\t\t\t\t\t<li class=\"accordion-item\" data-accordion-item>\n\t\t\t   <a href=\"#\" class=\"accordion-title\">Comment puis-je prot\u00e9ger mes renseignements personnels?<\/a>\n\t\t\t   <div class=\"accordion-content\" data-tab-content>\n\t\t\t\t <p>Utilisez un mot de passe unique et ne dites \u00e0 personne votre nom d\u2019utilisateur Getakit et votre mot de passe.<\/p>\n\t\t\t   <\/div>\n\t\t\t <\/li>\n\t\t\t\t\t\t<li class=\"accordion-item\" data-accordion-item>\n\t\t\t   <a href=\"#\" class=\"accordion-title\"><\/a>\n\t\t\t   <div class=\"accordion-content\" data-tab-content>\n\t\t\t\t \t\t\t   <\/div>\n\t\t\t <\/li>\n\t\t\t\t\t<\/ul>\n\t\t  <\/div>\n<\/section>\n\n\n\n<p class=\"has-text-align-center\"><\/p>\n","protected":false},"excerpt":{"rendered":"<p>Foire aux questions Vous avez des questions? Cette Foire aux questions offre de plus amples renseignements sur l\u2019\u00e9tude GetaKit, la commande de tests et la marche \u00e0 suivre lorsque vous obtenez votre r\u00e9sultat.<\/p>\n","protected":false},"author":2,"featured_media":0,"parent":0,"menu_order":9,"comment_status":"closed","ping_status":"closed","template":"","meta":{"_acf_changed":false,"footnotes":""},"class_list":["post-1393","page","type-page","status-publish","hentry"],"acf":[],"yoast_head":"<!-- This site is optimized with the Yoast SEO plugin v27.5 - https:\/\/yoast.com\/product\/yoast-seo-wordpress\/ -->\n<title>FAQ - GetaKit - Main<\/title>\n<meta name=\"robots\" content=\"index, follow, max-snippet:-1, max-image-preview:large, max-video-preview:-1\" \/>\n<link rel=\"canonical\" href=\"https:\/\/getakit.ca\/ontario\/fr\/faq\/\" \/>\n<meta property=\"og:locale\" content=\"fr_FR\" \/>\n<meta property=\"og:type\" content=\"article\" \/>\n<meta property=\"og:title\" content=\"FAQ - GetaKit - Main\" \/>\n<meta property=\"og:description\" content=\"Foire aux questions Vous avez des questions? Cette Foire aux questions offre de plus amples renseignements sur l\u2019\u00e9tude GetaKit, la commande de tests et la marche \u00e0 suivre lorsque vous obtenez votre r\u00e9sultat.\" \/>\n<meta property=\"og:url\" content=\"https:\/\/getakit.ca\/ontario\/fr\/faq\/\" \/>\n<meta property=\"og:site_name\" content=\"GetaKit - Main\" \/>\n<meta property=\"article:modified_time\" content=\"2023-09-27T15:40:19+00:00\" \/>\n<meta name=\"twitter:card\" content=\"summary_large_image\" \/>\n<meta name=\"twitter:label1\" content=\"Dur\u00e9e de lecture estim\u00e9e\" \/>\n\t<meta name=\"twitter:data1\" content=\"1 minute\" \/>\n<script type=\"application\/ld+json\" class=\"yoast-schema-graph\">{\"@context\":\"https:\\\/\\\/schema.org\",\"@graph\":[{\"@type\":\"WebPage\",\"@id\":\"https:\\\/\\\/getakit.ca\\\/ontario\\\/fr\\\/faq\\\/\",\"url\":\"https:\\\/\\\/getakit.ca\\\/ontario\\\/fr\\\/faq\\\/\",\"name\":\"FAQ - GetaKit - Main\",\"isPartOf\":{\"@id\":\"https:\\\/\\\/getakit.ca\\\/ontario\\\/#website\"},\"datePublished\":\"2022-06-09T14:50:01+00:00\",\"dateModified\":\"2023-09-27T15:40:19+00:00\",\"breadcrumb\":{\"@id\":\"https:\\\/\\\/getakit.ca\\\/ontario\\\/fr\\\/faq\\\/#breadcrumb\"},\"inLanguage\":\"fr-FR\",\"potentialAction\":[{\"@type\":\"ReadAction\",\"target\":[\"https:\\\/\\\/getakit.ca\\\/ontario\\\/fr\\\/faq\\\/\"]}]},{\"@type\":\"BreadcrumbList\",\"@id\":\"https:\\\/\\\/getakit.ca\\\/ontario\\\/fr\\\/faq\\\/#breadcrumb\",\"itemListElement\":[{\"@type\":\"ListItem\",\"position\":1,\"name\":\"Home\",\"item\":\"https:\\\/\\\/getakit.ca\\\/ontario\\\/fr\\\/\"},{\"@type\":\"ListItem\",\"position\":2,\"name\":\"FAQ\"}]},{\"@type\":\"WebSite\",\"@id\":\"https:\\\/\\\/getakit.ca\\\/ontario\\\/#website\",\"url\":\"https:\\\/\\\/getakit.ca\\\/ontario\\\/\",\"name\":\"GetaKit - Main\",\"description\":\"\",\"publisher\":{\"@id\":\"https:\\\/\\\/getakit.ca\\\/ontario\\\/#organization\"},\"potentialAction\":[{\"@type\":\"SearchAction\",\"target\":{\"@type\":\"EntryPoint\",\"urlTemplate\":\"https:\\\/\\\/getakit.ca\\\/ontario\\\/?s={search_term_string}\"},\"query-input\":{\"@type\":\"PropertyValueSpecification\",\"valueRequired\":true,\"valueName\":\"search_term_string\"}}],\"inLanguage\":\"fr-FR\"},{\"@type\":\"Organization\",\"@id\":\"https:\\\/\\\/getakit.ca\\\/ontario\\\/#organization\",\"name\":\"GetaKit - Main\",\"url\":\"https:\\\/\\\/getakit.ca\\\/ontario\\\/\",\"logo\":{\"@type\":\"ImageObject\",\"inLanguage\":\"fr-FR\",\"@id\":\"https:\\\/\\\/getakit.ca\\\/ontario\\\/#\\\/schema\\\/logo\\\/image\\\/\",\"url\":\"https:\\\/\\\/getakit.ca\\\/ontario\\\/wp-content\\\/uploads\\\/sites\\\/2\\\/2023\\\/06\\\/logo-gak.svg\",\"contentUrl\":\"https:\\\/\\\/getakit.ca\\\/ontario\\\/wp-content\\\/uploads\\\/sites\\\/2\\\/2023\\\/06\\\/logo-gak.svg\",\"caption\":\"GetaKit - Main\"},\"image\":{\"@id\":\"https:\\\/\\\/getakit.ca\\\/ontario\\\/#\\\/schema\\\/logo\\\/image\\\/\"}}]}<\/script>\n<!-- \/ Yoast SEO plugin. -->","yoast_head_json":{"title":"FAQ - GetaKit - Main","robots":{"index":"index","follow":"follow","max-snippet":"max-snippet:-1","max-image-preview":"max-image-preview:large","max-video-preview":"max-video-preview:-1"},"canonical":"https:\/\/getakit.ca\/ontario\/fr\/faq\/","og_locale":"fr_FR","og_type":"article","og_title":"FAQ - GetaKit - Main","og_description":"Foire aux questions Vous avez des questions? Cette Foire aux questions offre de plus amples renseignements sur l\u2019\u00e9tude GetaKit, la commande de tests et la marche \u00e0 suivre lorsque vous obtenez votre r\u00e9sultat.","og_url":"https:\/\/getakit.ca\/ontario\/fr\/faq\/","og_site_name":"GetaKit - Main","article_modified_time":"2023-09-27T15:40:19+00:00","twitter_card":"summary_large_image","twitter_misc":{"Dur\u00e9e de lecture estim\u00e9e":"1 minute"},"schema":{"@context":"https:\/\/schema.org","@graph":[{"@type":"WebPage","@id":"https:\/\/getakit.ca\/ontario\/fr\/faq\/","url":"https:\/\/getakit.ca\/ontario\/fr\/faq\/","name":"FAQ - GetaKit - Main","isPartOf":{"@id":"https:\/\/getakit.ca\/ontario\/#website"},"datePublished":"2022-06-09T14:50:01+00:00","dateModified":"2023-09-27T15:40:19+00:00","breadcrumb":{"@id":"https:\/\/getakit.ca\/ontario\/fr\/faq\/#breadcrumb"},"inLanguage":"fr-FR","potentialAction":[{"@type":"ReadAction","target":["https:\/\/getakit.ca\/ontario\/fr\/faq\/"]}]},{"@type":"BreadcrumbList","@id":"https:\/\/getakit.ca\/ontario\/fr\/faq\/#breadcrumb","itemListElement":[{"@type":"ListItem","position":1,"name":"Home","item":"https:\/\/getakit.ca\/ontario\/fr\/"},{"@type":"ListItem","position":2,"name":"FAQ"}]},{"@type":"WebSite","@id":"https:\/\/getakit.ca\/ontario\/#website","url":"https:\/\/getakit.ca\/ontario\/","name":"GetaKit - Main","description":"","publisher":{"@id":"https:\/\/getakit.ca\/ontario\/#organization"},"potentialAction":[{"@type":"SearchAction","target":{"@type":"EntryPoint","urlTemplate":"https:\/\/getakit.ca\/ontario\/?s={search_term_string}"},"query-input":{"@type":"PropertyValueSpecification","valueRequired":true,"valueName":"search_term_string"}}],"inLanguage":"fr-FR"},{"@type":"Organization","@id":"https:\/\/getakit.ca\/ontario\/#organization","name":"GetaKit - Main","url":"https:\/\/getakit.ca\/ontario\/","logo":{"@type":"ImageObject","inLanguage":"fr-FR","@id":"https:\/\/getakit.ca\/ontario\/#\/schema\/logo\/image\/","url":"https:\/\/getakit.ca\/ontario\/wp-content\/uploads\/sites\/2\/2023\/06\/logo-gak.svg","contentUrl":"https:\/\/getakit.ca\/ontario\/wp-content\/uploads\/sites\/2\/2023\/06\/logo-gak.svg","caption":"GetaKit - Main"},"image":{"@id":"https:\/\/getakit.ca\/ontario\/#\/schema\/logo\/image\/"}}]}},"_links":{"self":[{"href":"https:\/\/getakit.ca\/ontario\/fr\/wp-json\/wp\/v2\/pages\/1393","targetHints":{"allow":["GET"]}}],"collection":[{"href":"https:\/\/getakit.ca\/ontario\/fr\/wp-json\/wp\/v2\/pages"}],"about":[{"href":"https:\/\/getakit.ca\/ontario\/fr\/wp-json\/wp\/v2\/types\/page"}],"author":[{"embeddable":true,"href":"https:\/\/getakit.ca\/ontario\/fr\/wp-json\/wp\/v2\/users\/2"}],"replies":[{"embeddable":true,"href":"https:\/\/getakit.ca\/ontario\/fr\/wp-json\/wp\/v2\/comments?post=1393"}],"version-history":[{"count":62,"href":"https:\/\/getakit.ca\/ontario\/fr\/wp-json\/wp\/v2\/pages\/1393\/revisions"}],"predecessor-version":[{"id":3412,"href":"https:\/\/getakit.ca\/ontario\/fr\/wp-json\/wp\/v2\/pages\/1393\/revisions\/3412"}],"wp:attachment":[{"href":"https:\/\/getakit.ca\/ontario\/fr\/wp-json\/wp\/v2\/media?parent=1393"}],"curies":[{"name":"wp","href":"https:\/\/api.w.org\/{rel}","templated":true}]}}