{"id":2101,"date":"2020-11-09T15:50:32","date_gmt":"2020-11-09T20:50:32","guid":{"rendered":"https:\/\/getakit.ca\/resources\/"},"modified":"2022-11-09T08:52:19","modified_gmt":"2022-11-09T13:52:19","slug":"ressources","status":"publish","type":"page","link":"https:\/\/getakit.ca\/fr\/ressources\/","title":{"rendered":"Ressources"},"content":{"rendered":"\n<h2 class=\"has-text-align-center wp-block-heading\">Nous sommes l\u00e0 si vous avez besoin de nous<\/h2>\n\n\n\n<p class=\"has-text-align-center\">Il existe de nombreuses ressources en Ontario pour r\u00e9pondre aux questions que vous pourriez vous poser. GetaKit n\u2019est pas responsable du contenu des sites externes \u00e9num\u00e9r\u00e9s sur cette page. <\/p>\n\n\n\n<hr class=\"wp-block-separator has-css-opacity\"\/>\n\n\n\n<h2 class=\"has-text-align-center wp-block-heading\">Ressource de d\u00e9pistage<\/h2>\n\n\n\n<p class=\"has-text-align-center\"><strong>Gouvernement de l&rsquo;Ontario<\/strong><br>  <a href=\"https:\/\/www.ontario.ca\/fr\/page\/depistage-et-traitement-du-vihsida\" target=\"_blank\" rel=\"noreferrer noopener\">Ontario.ca\/fr\/page\/depistage-et-traitement-du-vihsida<\/a> <br>Fournit des informations sur les programmes de soutien en Ontario concernant le d\u00e9pistage et le traitement du VIH.<br> <br><\/p>\n\n\n\n<p class=\"has-text-align-center\"><strong>HIVtestingOntario<\/strong> <br><a href=\"https:\/\/hivtestingontario.ca\/self-testing\/\" target=\"_blank\" rel=\"noreferrer noopener\"> <\/a><a href=\"https:\/\/hivtestingontario.ca\/fr\/autodepistage\/\" target=\"_blank\" rel=\"noreferrer noopener\">HIVtestingOntario.ca\/fr\/autodepistage\/<\/a> <br> Fournit des recherches fond\u00e9es sur des preuves concernant l&rsquo;autod\u00e9pistage du VIH en Ontario et la fa\u00e7on d&rsquo;y acc\u00e9der.<br><br><a href=\"https:\/\/hivtestingontario.ca\/preventionsupport-referrals\/\"> <\/a><a href=\"https:\/\/hivtestingontario.ca\/fr\/continuum-a-soins\/preventionsupport-references\/\" target=\"_blank\" rel=\"noreferrer noopener\">HIVtestingOntario.ca\/fr\/continuum-a-soins\/preventionsupport-references\/<\/a> <br>Fournit des informations sur l&rsquo;acc\u00e8s aux services de pr\u00e9vention et de soutien en mati\u00e8re de VIH.<br><\/p>\n\n\n\n<hr class=\"wp-block-separator has-css-opacity\"\/>\n\n\n\n<h2 class=\"has-text-align-center wp-block-heading\">Autres ressources utiles<\/h2>\n\n\n\n<p class=\"has-text-align-center\"><strong>Sant\u00e9 Sexuelle Ontario<\/strong><br> <a href=\"https:\/\/sexualhealthontario.ca\/fr\/accueil\"> <\/a><a href=\"https:\/\/sexualhealthontario.ca\/fr\/accueil\" target=\"_blank\" rel=\"noreferrer noopener\">SexualHealthOntario.ca\/fr\/accueil<\/a> <br> <a href=\"https:\/\/sexualhealthontario.ca\/fr\/clavardage\">Chat en ligne<\/a><br>1-800-668-2437<br>Fournit des informations sur la sant\u00e9 sexuelle, des IST \u00e0 la contraception et \u00e0 la fertilit\u00e9. <br><br> <a href=\"https:\/\/sexualhealthontario.ca\/en\/find-clinic\"> <\/a><a href=\"https:\/\/sexualhealthontario.ca\/fr\/trouver-une-clinique\" target=\"_blank\" rel=\"noreferrer noopener\">SexualHealthOntario.ca\/fr\/trouver-une-clinique<\/a> <br>Trouvez une clinique de sant\u00e9 sexuelle dans votre quartier. <br><br><\/p>\n\n\n\n<p class=\"has-text-align-center\"><strong>CATIE<\/strong> <br><a href=\"http:\/\/Catie.ca\/fr\/lautodepistage-du-vih\">Catie.ca\/fr\/lautodepistage-du-vih<\/a><br>Une ressource compl\u00e8te sur l&rsquo;autodiagnostic du VIH au Canada.<br> <br><\/p>\n\n\n\n<p class=\"has-text-align-center\"><strong>Ontario PrEP<\/strong><br><a href=\"https:\/\/www.ontarioprep.ca\" target=\"_blank\" rel=\"noreferrer noopener\">OntarioPrep.ca<\/a><br>Fournit des informations sur la PrEP et sur les moyens d&rsquo;y acc\u00e9der.<\/p>\n\n\n\n<p class=\"has-text-align-center\"><strong>Ligne de crise<\/strong><br><a href=\"https:\/\/crisisline.ca\/profil\/?lang=fr\">CrisisLine.ca<\/a><br>Sans frais 1.866.996.0991<br>Offre un soutien t\u00e9l\u00e9phonique en sant\u00e9 mentale 24 heures sur 24, 7 jours sur 7.<\/p>\n\n\n\n<hr class=\"wp-block-separator has-css-opacity\"\/>\n\n\n\n<h2 class=\"has-text-align-center wp-block-heading\">Vous avez un kit mais pas chez nous ?<\/h2>\n\n\n\n<p>Le 3 novembre 2020, Sant\u00e9 Canada a approuv\u00e9 le tout premier autotest de d\u00e9pistage du VIH au Canada ! Ici, \u00e0 GetaKit, nous ne pourrions pas \u00eatre plus enthousiastes. Nous croyons que l&rsquo;autodiagnostic du VIH est un outil important que les gens peuvent utiliser pour conna\u00eetre leur statut.<\/p>\n\n\n\n<p>Avoir un auto-test VIH approuv\u00e9 signifie que vous pouvez acheter ces tests directement aupr\u00e8s du fabricant ou m\u00eame dans certaines pharmacies. Il est possible que d&rsquo;autres proposent \u00e9galement l&rsquo;autotest du VIH par le biais de leur propre programme.<\/p>\n\n\n\n<p>Que vous ayez re\u00e7u un kit de notre part ou non, l&rsquo;\u00e9quipe GetaKit est l\u00e0 pour r\u00e9pondre \u00e0 toutes les questions que vous pourriez avoir sur les prochaines \u00e9tapes \u00e0 l&rsquo;adresse suivante <a href=\"mailto:GetaKit@uOttawa.ca\">GetaKit@uOttawa.ca<\/a>.<\/p>\n","protected":false},"excerpt":{"rendered":"<p>Nous sommes l\u00e0 si vous avez besoin de nous Il existe de nombreuses ressources en Ontario pour r\u00e9pondre aux questions que vous pourriez vous poser. GetaKit n\u2019est pas responsable du contenu des sites externes \u00e9num\u00e9r\u00e9s sur cette page. Ressource de d\u00e9pistage Gouvernement de l&rsquo;Ontario Ontario.ca\/fr\/page\/depistage-et-traitement-du-vihsida Fournit des informations sur les programmes de soutien en Ontario [&hellip;]<\/p>\n","protected":false},"author":2,"featured_media":0,"parent":0,"menu_order":0,"comment_status":"closed","ping_status":"closed","template":"","meta":{"_acf_changed":false,"footnotes":""},"class_list":["post-2101","page","type-page","status-publish","hentry"],"acf":[],"_links":{"self":[{"href":"https:\/\/getakit.ca\/fr\/wp-json\/wp\/v2\/pages\/2101","targetHints":{"allow":["GET"]}}],"collection":[{"href":"https:\/\/getakit.ca\/fr\/wp-json\/wp\/v2\/pages"}],"about":[{"href":"https:\/\/getakit.ca\/fr\/wp-json\/wp\/v2\/types\/page"}],"author":[{"embeddable":true,"href":"https:\/\/getakit.ca\/fr\/wp-json\/wp\/v2\/users\/2"}],"replies":[{"embeddable":true,"href":"https:\/\/getakit.ca\/fr\/wp-json\/wp\/v2\/comments?post=2101"}],"version-history":[{"count":27,"href":"https:\/\/getakit.ca\/fr\/wp-json\/wp\/v2\/pages\/2101\/revisions"}],"predecessor-version":[{"id":28667,"href":"https:\/\/getakit.ca\/fr\/wp-json\/wp\/v2\/pages\/2101\/revisions\/28667"}],"wp:attachment":[{"href":"https:\/\/getakit.ca\/fr\/wp-json\/wp\/v2\/media?parent=2101"}],"curies":[{"name":"wp","href":"https:\/\/api.w.org\/{rel}","templated":true}]}}