{"id":1874,"date":"2020-11-09T15:50:40","date_gmt":"2020-11-09T20:50:40","guid":{"rendered":"https:\/\/getakit.ca\/contact\/"},"modified":"2023-10-19T09:55:17","modified_gmt":"2023-10-19T13:55:17","slug":"contact","status":"publish","type":"page","link":"https:\/\/getakit.ca\/fr\/contact\/","title":{"rendered":"Contact"},"content":{"rendered":"\n<h1 class=\"wp-block-heading has-text-align-center\">Besoin d\u2019aide ?<\/h1>\n\n\n\n<hr class=\"wp-block-separator has-css-opacity\"\/>\n\n\n\n<p class=\"has-text-align-center\">Pour des questions g\u00e9n\u00e9rales ou des demandes des m\u00e9dias,<br>veuillez contacter :&nbsp;<a href=\"mailto:GetaKit@uOttawa.ca\">GetaKit@uOttawa.ca<\/a><\/p>\n\n\n\n<p class=\"has-text-align-center\">Pour toute question concernant ce programme,<br>contactez Patrick O\u2019Byrne, RN-EC PhD :&nbsp;<a href=\"mailto:pjobyrne@uOttawa.ca\">pjobyrne@uOttawa.ca<\/a><br><br>Le syst\u00e8me Microsoft Outlook de l&rsquo;Universit\u00e9 d&rsquo;Ottawa est s\u00fbr mais n&rsquo;est pas un endroit s\u00fbr pour \u00e9changer des renseignements personnels sur la sant\u00e9. Les courriels peuvent \u00eatre vuln\u00e9rables aux atteintes \u00e0 la vie priv\u00e9e par des parties non autoris\u00e9es et risquent d&rsquo;\u00eatre envoy\u00e9s au mauvais destinataire. Un appel t\u00e9l\u00e9phonique est recommand\u00e9 pour discuter de renseignements personnels sur la sant\u00e9.<\/p>\n","protected":false},"excerpt":{"rendered":"<p>Besoin d\u2019aide ? Pour des questions g\u00e9n\u00e9rales ou des demandes des m\u00e9dias,veuillez contacter :&nbsp;GetaKit@uOttawa.ca Pour toute question concernant ce programme,contactez Patrick O\u2019Byrne, RN-EC PhD :&nbsp;pjobyrne@uOttawa.ca Le syst\u00e8me Microsoft Outlook de l&rsquo;Universit\u00e9 d&rsquo;Ottawa est s\u00fbr mais n&rsquo;est pas un endroit s\u00fbr pour \u00e9changer des renseignements personnels sur la sant\u00e9. Les courriels peuvent \u00eatre vuln\u00e9rables aux atteintes [&hellip;]<\/p>\n","protected":false},"author":2,"featured_media":0,"parent":0,"menu_order":0,"comment_status":"closed","ping_status":"closed","template":"","meta":{"_acf_changed":false,"footnotes":""},"class_list":["post-1874","page","type-page","status-publish","hentry"],"acf":[],"_links":{"self":[{"href":"https:\/\/getakit.ca\/fr\/wp-json\/wp\/v2\/pages\/1874","targetHints":{"allow":["GET"]}}],"collection":[{"href":"https:\/\/getakit.ca\/fr\/wp-json\/wp\/v2\/pages"}],"about":[{"href":"https:\/\/getakit.ca\/fr\/wp-json\/wp\/v2\/types\/page"}],"author":[{"embeddable":true,"href":"https:\/\/getakit.ca\/fr\/wp-json\/wp\/v2\/users\/2"}],"replies":[{"embeddable":true,"href":"https:\/\/getakit.ca\/fr\/wp-json\/wp\/v2\/comments?post=1874"}],"version-history":[{"count":13,"href":"https:\/\/getakit.ca\/fr\/wp-json\/wp\/v2\/pages\/1874\/revisions"}],"predecessor-version":[{"id":168564,"href":"https:\/\/getakit.ca\/fr\/wp-json\/wp\/v2\/pages\/1874\/revisions\/168564"}],"wp:attachment":[{"href":"https:\/\/getakit.ca\/fr\/wp-json\/wp\/v2\/media?parent=1874"}],"curies":[{"name":"wp","href":"https:\/\/api.w.org\/{rel}","templated":true}]}}