{"id":1859,"date":"2020-11-09T18:33:31","date_gmt":"2020-11-09T18:33:31","guid":{"rendered":"https:\/\/getakit.ca\/homepage\/"},"modified":"2026-04-09T07:29:01","modified_gmt":"2026-04-09T11:29:01","slug":"homepage","status":"publish","type":"page","link":"https:\/\/getakit.ca\/fr\/","title":{"rendered":"Homepage"},"content":{"rendered":"\n<section class=\"section section--impact\" >\n      <img decoding=\"async\" src=\"https:\/\/getakit.ca\/wp-content\/uploads\/2023\/06\/home-impact-svg-v2.svg\" class=\"impact-image-block\" alt=\"\">\n        <img decoding=\"async\" src=\"https:\/\/getakit.ca\/wp-content\/uploads\/2023\/06\/home-impact-svg-mobile.svg\" class=\"impact-image-block-mobile\" alt=\"\">\n    <div class=\"impact-bg\"><\/div>\n  <div class=\"grid-container text-center\">\n          <h1>Bienvenue \u00e0 GetaKit<\/h1>\n              <div class=\"button-group align-center\">\n              \t<a class=\"button \" href=\"https:\/\/getakit.ca\/ontario\/fr\/commencons\/\" target=\"_self\">Cr\u00e9er un compte<\/a>\n                \t<a class=\"button button-light\" href=\"https:\/\/getakit.ca\/ontario\/fr\/#account\" target=\"_self\">Connexion<\/a>\n                \t<a class=\"button \" href=\"https:\/\/getakit.ca\/ontario\/fr\/#submit-result\" target=\"_self\">Soumettre un r\u00e9sultat<\/a>\n                <\/div>\n          <\/div>\n<\/section>\n\n\n\n\n<section class=\"section section--gak-story-intro\">\n  <div class=\"grid-container\">\n    <div class=\"grid-x grid-padding-x\">\n      <div class=\"cell medium-7\">\n        <div class=\"intro-column-inner reveal-fade\">\n                      <p class=\"large\"><strong>GetaKit<\/strong> est une \u00e9tude de l&rsquo;Universit\u00e9 d&rsquo;Ottawa, men\u00e9e en partenariat avec les unit\u00e9s locales de sant\u00e9 publique de l&rsquo;Ontario, afin d&rsquo;\u00e9valuer un syst\u00e8me d&rsquo;\u00e9valuation en ligne et d&rsquo;envoi postal pour les services de sant\u00e9 sexuelle, y compris les tests et la pr\u00e9vention. <p><font size=5px>Tous les tests offerts par GetaKit sont approuv\u00e9s en Ontario et sont identiques \u00e0 ceux que vous obtiendriez dans une clinique.<\/p>Les services disponibles peuvent inclure des autotests de d\u00e9pistage du VIH et des tests en laboratoire pour le VIH, la syphilis, l&rsquo;h\u00e9patite C, la gonorrh\u00e9e et la chlamydia.<\/p> <p><strong><a href=\"https:\/\/getakit.ca\/ontario\/fr\/commencons\/\">Inscrivez-vous pour d\u00e9couvrir les tests qui vous conviennent le mieux.<\/a><\/strong><\/font><\/p><\/p>\n                    \n                    <div class=\"image-text-overlay-block\" >\n            <img decoding=\"async\" src=\"https:\/\/getakit.ca\/wp-content\/uploads\/2023\/09\/OHT_001_GraphicPackaging_HIVKit_Photography_16x9_Step-1-2-e1705775359129.jpg\" alt=\"\">\n                      <\/div>\n                    \n        <\/div>\n      <\/div>\n      <div class=\"cell medium-5\">\n                  <img decoding=\"async\" src=\"https:\/\/getakit.ca\/wp-content\/uploads\/2023\/09\/gak-story.svg\" alt=\"\">\n                <div class=\"gak-story-intro-text\">\n                                <h2 class=\"primary\">Notre objectif<\/h2>\n                                <p>Nous voulons savoir combien de personnes utilisent ces tests, quels sont leurs r\u00e9sultats et si elles sont reli\u00e9es aux soins. GetaKit fournit des r\u00e9quisitions et des \u00e9couvillons pour les infections sexuellement transmissibles (dans de nombreuses r\u00e9gions de l&rsquo;Ontario) et des autotests de d\u00e9pistage du VIH (dans tout l&rsquo;Ontario). Inscrivez-vous, remplissez l&rsquo;\u00e9valuation des risques et voyez quels tests, soutiens et services sont recommand\u00e9s pour vous. \r\n\r\n<br><br>N&rsquo;oubliez pas que la volont\u00e9 de faire le test est un \u00e9l\u00e9ment important de tout d\u00e9pistage. Les besoins de chacun \u00e9tant diff\u00e9rents, nous vous demandons de ne pas cr\u00e9er de compte ni de passer de commandes au nom d&rsquo;autres personnes. Toute preuve que notre service est utilis\u00e9 dans le cadre d&rsquo;une conduite abusive ou d&rsquo;un harc\u00e8lement moral entra\u00eenera la suspension imm\u00e9diate de votre compte. <\/p>\n                                \t<a href=\"https:\/\/getakit.ca\/wp-content\/uploads\/2024\/03\/Plain-language-consent_2024_fr.pdf\" target=\"_self\">Lire notre formulaire de consentement en texte clair<\/a>\n                  <\/div>\n      <\/div>\n    <\/div>\n  <\/div>\n<\/section>\n\n\n\n\n<section class=\"section section--text-with-image alignfull\">\n  <div class=\"grid-container\">\n              <h2 class=\"primary text-center\">Le d\u00e9pistage des IST est disponible en partenariat avec les unit\u00e9s de sant\u00e9 publique \u00e0 Ottawa, r\u00e9gion de York, r\u00e9gion de Hamilton, r\u00e9gion de Halton, r\u00e9gion de Peel (Mississauga, Brampton, Caledon), r\u00e9gion de l&rsquo;Est Ontario, Kingston Frontenac Lennox &#038; Addington, comt\u00e9 de Renfrew, North Bay Parry Sound, Leeds Grenville &#038; Lanark, Hastings &#038; Prince Edward County, Peterborough, Windsor Essex, Middlesex-London, Waterloo, Wellington-Dufferin-Guelph, et Southwestern (Oxford, Elgin, St.Thomas). <\/h2>\n        <div class=\"grid-x grid-padding-x align-middle\">\n      <div class=\"cell medium-6 small-order-2\">\n        <img decoding=\"async\" src=\"https:\/\/getakit.ca\/wp-content\/uploads\/2023\/09\/phone-table.jpg\" alt=\"\">\n      <\/div>\n      <div class=\"cell medium-6 small-order-1\">\n                  <h2 class=\"primary\">\u00cates-vous \u00e9ligible ?<\/h2>\n                          <p><strong>Vous pouvez b\u00e9n\u00e9ficier d&rsquo;un test de d\u00e9pistage des IST si vous\u00a0 :<\/strong><\/p>\n<ul>\n<li>\u00eates 16 ou plus<\/li>\n<li>habitez en Ontario<\/li>\n<li>\u00eates pr\u00eats \u00e0 vous rendre dans un laboratoire pour y subir des tests<\/li>\n<li>vous \u00eates sexuellement actif<\/li>\n<\/ul>\n<p>&nbsp;<\/p>\n<p><strong>Vous \u00eates admissible \u00e0 l&rsquo;autodiagnostic du VIH si vous :<\/strong><\/p>\n<ul>\n<li>Avez 18 ans ou plus<\/li>\n<li>\u00cates s\u00e9ron\u00e9gatif ou incertain de votre statut<\/li>\n<li>Ne participez pas \u00e0 un essai de vaccin contre le VIH<\/li>\n<li>N&rsquo;avez pas de diagnostiqu\u00e9 de trouble de la coagulation<\/li>\n<li>\u00cates sexuellement actif ou vous utilisez des drogues injectable<\/li>\n<\/ul>\n                \n                  <div class=\"button-group\">\n                      \t<a class=\"button\" href=\"https:\/\/getakit.ca\/ontario\/fr\/commencons\/\" target=\"_self\">Commencer<\/a>\n                        <\/div>\n                  <\/div>\n    <\/div>\n  <\/div>\n<\/section>\n\n\n\n<section class=\"section section--our-process bg-primary-light-1 alignfull\">\n  <div class=\"grid-container text-center\">\n              <h2 class=\"primary reveal-fade\">Comment \u00e7a marche ?<\/h2>\n                <div class=\"grid-x grid-padding-x align-center\">\n                      <div class=\"cell medium-3 reveal-stagger\">\n                                  <img decoding=\"async\" src=\"https:\/\/getakit.ca\/wp-content\/uploads\/2023\/09\/icon-usability.svg\">\n                                                  <h4 class=\"primary\">Inscrivez-vous en ligne<\/h4>\n                              <\/div>\n                            <div class=\"cell medium-3 reveal-stagger\">\n                                  <img decoding=\"async\" src=\"https:\/\/getakit.ca\/wp-content\/uploads\/2025\/02\/Copy-of-Black-Modern-Toys-Shop-Etsy-Icon-Logo-1.png\">\n                                                  <h4 class=\"primary\">Faites-le chez vous (autotest) ou rendez-vous au laboratoire<\/h4>\n                              <\/div>\n                            <div class=\"cell medium-3 reveal-stagger\">\n                                  <img decoding=\"async\" src=\"https:\/\/getakit.ca\/wp-content\/uploads\/2023\/09\/icon-sms.svg\">\n                                                  <h4 class=\"primary\">Obtenez vos r\u00e9sultats<\/h4>\n                              <\/div>\n                        <\/div>\n                <\/div>\n<\/section>\n\n\n\n<section class=\"section section--text-with-image alignfull\">\n  <div class=\"grid-container\">\n            <div class=\"grid-x grid-padding-x align-middle\">\n      <div class=\"cell medium-6 \">\n        <img decoding=\"async\" src=\"https:\/\/getakit.ca\/wp-content\/uploads\/2024\/01\/GAK_9-five-humans-1-1024x576.png\" alt=\"\">\n      <\/div>\n      <div class=\"cell medium-6 \">\n                  <h2 class=\"primary\">Lorsque vous utilisez GetaKit :<\/h2>\n                          <ul>\n<li>Vous pouvez acc\u00e9der \u00e0 des services de sant\u00e9 sexuelle depuis le confort de votre domicile.<\/li>\n<li>Vous recevez vos r\u00e9sultats sur votre compte en quelques jours.<\/li>\n<li>Vous recevez des rappels lorsqu&rsquo;il est temps de refaire le test.<\/li>\n<\/ul>\n                \n                  <div class=\"button-group\">\n                      <\/div>\n                  <\/div>\n    <\/div>\n  <\/div>\n<\/section>\n\n\n<section class=\"section section--block-callouts\">\n  <div class=\"grid-container full\">\n        <div class=\"grid-x\">\n            <div class=\"cell medium-6\">\n        <div class=\"block-callout-inner bg-primary-light-1\">\n                      <h2 class=\"primary\">Vous avez une question ?<\/h2>\n                                \t<a href=\"https:\/\/getakit.ca\/fr\/faqs-2025\/\" class=\"button button-light\" target=\"_self\">Lisez notre FAQs<\/a>\n                  <\/div>\n      <\/div>\n            <div class=\"cell medium-6\">\n        <div class=\"block-callout-inner bg-primary-light-2\">\n                      <h2 class=\"primary\">Vous voulez nous contacter ?<\/h2>\n                                \t<a href=\"https:\/\/getakit.ca\/ontario\/fr\/contacter\/\" class=\"button button-light\" target=\"_self\">Contacter<\/a>\n                  <\/div>\n      <\/div>\n          <\/div>\n      <\/div>\n<\/section>\n\n\n\n<section class=\"section section--text-with-image alignfull\">\n  <div class=\"grid-container\">\n            <div class=\"grid-x grid-padding-x align-middle\">\n      <div class=\"cell medium-6 \">\n        <img decoding=\"async\" src=\"https:\/\/getakit.ca\/wp-content\/uploads\/2023\/09\/laptop-table.jpg\" alt=\"\">\n      <\/div>\n      <div class=\"cell medium-6 \">\n                  <h2 class=\"primary\">Besoin de ressources suppl\u00e9mentaires ?<\/h2>\n                          <p>Si vous pr\u00e9sentez des sympt\u00f4mes, ou si l&rsquo;un de vos partenaires a r\u00e9cemment re\u00e7u un diagnostic d&rsquo;infection sexuellement transmissible ou de VIH, ou si vous pensez avoir besoin d&rsquo;une PPE, pourrait y avoir de meilleures ressources.<\/p>\n                \n                  <div class=\"button-group\">\n                      \t<a class=\"button\" href=\"https:\/\/getakit.ca\/ontario\/fr\/ressources\/\" target=\"_self\">Ressources<\/a>\n                        <\/div>\n                  <\/div>\n    <\/div>\n  <\/div>\n<\/section>\n\n\n<section class=\"section section--image-banner bg-dark\">\n  <div class=\"grid-container\">\n    <div class=\"grid-x grid-padding-x\">\n      <div class=\"cell medium-8\">\n                  <h2>Avec GetaKit, vous testez chez vous, mais pas tout seul.<\/h2>\n                          \t<a href=\"https:\/\/getakit.ca\/ontario\/fr\/commencons\/\" class=\"button\" target=\"_self\">Commencer<\/a>\n              <\/div>\n      <div class=\"cell medium-4\">\n                  <img decoding=\"async\" src=\"https:\/\/getakit.ca\/wp-content\/uploads\/2023\/09\/gak-image-banner.svg\" alt=\"\">\n              <\/div>\n    <\/div>\n  <\/div>\n<\/section>\n\n\n<p><\/p>\n","protected":false},"excerpt":{"rendered":"","protected":false},"author":2,"featured_media":0,"parent":0,"menu_order":0,"comment_status":"closed","ping_status":"closed","template":"","meta":{"_acf_changed":false,"footnotes":""},"class_list":["post-1859","page","type-page","status-publish","hentry"],"acf":[],"_links":{"self":[{"href":"https:\/\/getakit.ca\/fr\/wp-json\/wp\/v2\/pages\/1859","targetHints":{"allow":["GET"]}}],"collection":[{"href":"https:\/\/getakit.ca\/fr\/wp-json\/wp\/v2\/pages"}],"about":[{"href":"https:\/\/getakit.ca\/fr\/wp-json\/wp\/v2\/types\/page"}],"author":[{"embeddable":true,"href":"https:\/\/getakit.ca\/fr\/wp-json\/wp\/v2\/users\/2"}],"replies":[{"embeddable":true,"href":"https:\/\/getakit.ca\/fr\/wp-json\/wp\/v2\/comments?post=1859"}],"version-history":[{"count":194,"href":"https:\/\/getakit.ca\/fr\/wp-json\/wp\/v2\/pages\/1859\/revisions"}],"predecessor-version":[{"id":1765609,"href":"https:\/\/getakit.ca\/fr\/wp-json\/wp\/v2\/pages\/1859\/revisions\/1765609"}],"wp:attachment":[{"href":"https:\/\/getakit.ca\/fr\/wp-json\/wp\/v2\/media?parent=1859"}],"curies":[{"name":"wp","href":"https:\/\/api.w.org\/{rel}","templated":true}]}}